{"id":6,"date":"2024-07-14T03:08:09","date_gmt":"2024-07-14T03:08:09","guid":{"rendered":"https:\/\/giaphahonguyen.com\/person-index\/"},"modified":"2024-07-18T03:49:02","modified_gmt":"2024-07-18T03:49:02","slug":"person-index","status":"publish","type":"page","link":"https:\/\/www.giaphahonguyen.com\/vi\/person-index\/","title":{"rendered":"TH\u00c0NH VI\u00caN"},"content":{"rendered":"<div class=\"wp-block-uagb-advanced-heading uagb-block-dab4ad5e\"><h2 class=\"uagb-heading-text\"><strong>DANH M\u1ee4C TH\u00c0NH VI\u00caN TRONG D\u00d2NG T\u1ed8C<\/strong><\/h2><\/div>\n\n\n\n<div class=\"wp-block-uagb-container uagb-block-03c32d7c alignfull uagb-is-root-container\"><div class=\"uagb-container-inner-blocks-wrap\"><form role=\"search\" method=\"get\" action=\"https:\/\/www.giaphahonguyen.com\/vi\/\" class=\"wp-block-search__button-outside wp-block-search__icon-button wp-block-search\" data-trp-original-action=\"https:\/\/www.giaphahonguyen.com\/vi\/\"    ><label class=\"wp-block-search__label screen-reader-text\" for=\"wp-block-search__input-1\" >T\u00ccM<\/label><div class=\"wp-block-search__inside-wrapper\" ><input class=\"wp-block-search__input\" id=\"wp-block-search__input-1\" placeholder=\"\" value=\"\" type=\"search\" name=\"s\" required \/><button aria-label=\"T\u00ccM\" class=\"wp-block-search__button has-icon wp-element-button\" type=\"submit\" ><svg class=\"search-icon\" viewbox=\"0 0 24 24\" width=\"24\" height=\"24\">\n\t\t\t\t\t<path d=\"M13 5c-3.3 0-6 2.7-6 6 0 1.4.5 2.7 1.3 3.7l-3.8 3.8 1.1 1.1 3.8-3.8c1 .8 2.3 1.3 3.7 1.3 3.3 0 6-2.7 6-6S16.3 5 13 5zm0 10.5c-2.5 0-4.5-2-4.5-4.5s2-4.5 4.5-4.5 4.5 2 4.5 4.5-2 4.5-4.5 4.5z\"><\/path>\n\t\t\t\t<\/svg><\/button><\/div><input type=\"hidden\" name=\"trp-form-language\" value=\"vi\"\/><\/form><\/div><\/div>\n\n\n<div id = 'personaIndex'><div class='pagination'><span class='disabled'>TRANG \u0110\u1ea6U<\/span><span class='disabled'>TR\u1ede L\u1ea0I<\/span><span class='current'>1<\/span><a href='https:\/\/www.giaphahonguyen.com\/vi?page_id=0&rootsvar=2'>2<\/a><a href='https:\/\/www.giaphahonguyen.com\/vi?page_id=0&rootsvar=3'>3<\/a><a href='https:\/\/www.giaphahonguyen.com\/vi?page_id=0&rootsvar=4'>4<\/a><a href='https:\/\/www.giaphahonguyen.com\/vi?page_id=0&rootsvar=5'>5<\/a><a href='https:\/\/www.giaphahonguyen.com\/vi?page_id=0&rootsvar=6'>6<\/a><a href='https:\/\/www.giaphahonguyen.com\/vi?page_id=0&rootsvar=7'>7<\/a><a href='https:\/\/www.giaphahonguyen.com\/vi?page_id=0&rootsvar=8'>8<\/a><a href='https:\/\/www.giaphahonguyen.com\/vi?page_id=0&rootsvar=2'>TI\u1ebeP<\/a><a href='https:\/\/www.giaphahonguyen.com\/vi?page_id=0&rootsvar=8'>TRANG CU\u1ed0I<\/a><\/div><div class='xofy'>Hi\u1ec3n th\u1ecb 1 - 25 m\u1eabu tin<\/div><table id='personaIndexTable' cellpadding='0' cellspacing='0'><tr><th  style='background-color:#CCCCCC' class='surname'>H\u1ecc<\/th><th style='background-color:#CCCCCC' class='given'>T\u00caN<\/th><th style='background-color:#CCCCCC' class='rp_dates'>N\u0102M SINH - N\u0102M M\u1ea4T<\/th><th style='background-color:#CCCCCC' class='page'>Link<\/th><\/tr><tr class='even'><td style='background-color:white' class='surname'>D\u01b0\u01a1ng<\/td><td style='background-color:white' class='given'>D\u1ea7n<\/td><td style='background-color:white' class='rp_dates'> - <\/td><td style='background-color:white' class='page'><a href='https:\/\/www.giaphahonguyen.com\/vi?page_id=23'>23<\/a><\/td><\/tr><tr class='odd'><td style='background-color:#DDDDDD' class='surname'>D\u01b0\u01a1ng<\/td><td style='background-color:#DDDDDD' class='given'>H\u1ea1nh<\/td><td style='background-color:#DDDDDD' class='rp_dates'> - <\/td><td style='background-color:#DDDDDD' class='page'><a href='https:\/\/www.giaphahonguyen.com\/vi?page_id=24'>24<\/a><\/td><\/tr><tr class='even'><td style='background-color:white' class='surname'>D\u01b0\u01a1ng<\/td><td style='background-color:white' class='given'>L\u00e2n<\/td><td style='background-color:white' class='rp_dates'> - <\/td><td style='background-color:white' class='page'><a href='https:\/\/www.giaphahonguyen.com\/vi?page_id=25'>25<\/a><\/td><\/tr><tr class='odd'><td style='background-color:#DDDDDD' class='surname'>D\u01b0\u01a1ng<\/td><td style='background-color:#DDDDDD' class='given'>Lan<\/td><td style='background-color:#DDDDDD' class='rp_dates'> - <\/td><td style='background-color:#DDDDDD' class='page'><a href='https:\/\/www.giaphahonguyen.com\/vi?page_id=26'>26<\/a><\/td><\/tr><tr class='even'><td style='background-color:white' class='surname'>D\u01b0\u01a1ng<\/td><td style='background-color:white' class='given'>M\u00e0n<\/td><td style='background-color:white' class='rp_dates'> - <\/td><td style='background-color:white' class='page'><a href='https:\/\/www.giaphahonguyen.com\/vi?page_id=27'>27<\/a><\/td><\/tr><tr class='odd'><td style='background-color:#DDDDDD' class='surname'>D\u01b0\u01a1ng<\/td><td style='background-color:#DDDDDD' class='given'>M\u00f9ng<\/td><td style='background-color:#DDDDDD' class='rp_dates'> - <\/td><td style='background-color:#DDDDDD' class='page'><a href='https:\/\/www.giaphahonguyen.com\/vi?page_id=28'>28<\/a><\/td><\/tr><tr class='even'><td style='background-color:white' class='surname'>D\u01b0\u01a1ng<\/td><td style='background-color:white' class='given'>Nh\u00e0n<\/td><td style='background-color:white' class='rp_dates'> - <\/td><td style='background-color:white' class='page'><a href='https:\/\/www.giaphahonguyen.com\/vi?page_id=29'>29<\/a><\/td><\/tr><tr class='odd'><td style='background-color:#DDDDDD' class='surname'>D\u01b0\u01a1ng<\/td><td style='background-color:#DDDDDD' class='given'>Th\u00e2n<\/td><td style='background-color:#DDDDDD' class='rp_dates'> - <\/td><td style='background-color:#DDDDDD' class='page'><a href='https:\/\/www.giaphahonguyen.com\/vi?page_id=30'>30<\/a><\/td><\/tr><tr class='even'><td style='background-color:white' class='surname'>D\u01b0\u01a1ng<\/td><td style='background-color:white' class='given'>Thanh<\/td><td style='background-color:white' class='rp_dates'> - <\/td><td style='background-color:white' class='page'><a href='https:\/\/www.giaphahonguyen.com\/vi?page_id=31'>31<\/a><\/td><\/tr><tr class='odd'><td style='background-color:#DDDDDD' class='surname'>D\u01b0\u01a1ng<\/td><td style='background-color:#DDDDDD' class='given'>Th\u00edch<\/td><td style='background-color:#DDDDDD' class='rp_dates'> - <\/td><td style='background-color:#DDDDDD' class='page'><a href='https:\/\/www.giaphahonguyen.com\/vi?page_id=32'>32<\/a><\/td><\/tr><tr class='even'><td style='background-color:white' class='surname'>Kh\u00f4ng Bi\u1ebft<\/td><td style='background-color:white' class='given'>Kh\u00f4ng Bi\u1ebft<\/td><td style='background-color:white' class='rp_dates'> - <\/td><td style='background-color:white' class='page'><a href='https:\/\/www.giaphahonguyen.com\/vi?page_id=33'>33<\/a><\/td><\/tr><tr class='odd'><td style='background-color:#DDDDDD' class='surname'>L\u00ea<\/td><td style='background-color:#DDDDDD' class='given'>\u00c2n<\/td><td style='background-color:#DDDDDD' class='rp_dates'> - <\/td><td style='background-color:#DDDDDD' class='page'><a href='https:\/\/www.giaphahonguyen.com\/vi?page_id=34'>34<\/a><\/td><\/tr><tr class='even'><td style='background-color:white' class='surname'>L\u00ea<\/td><td style='background-color:white' class='given'>Giang<\/td><td style='background-color:white' class='rp_dates'>2020 - <\/td><td style='background-color:white' class='page'><a href='https:\/\/www.giaphahonguyen.com\/vi?page_id=35'>35<\/a><\/td><\/tr><tr class='odd'><td style='background-color:#DDDDDD' class='surname'>L\u00ea<\/td><td style='background-color:#DDDDDD' class='given'>Ki\u1ec7t<\/td><td style='background-color:#DDDDDD' class='rp_dates'>2018 - <\/td><td style='background-color:#DDDDDD' class='page'><a href='https:\/\/www.giaphahonguyen.com\/vi?page_id=36'>36<\/a><\/td><\/tr><tr class='even'><td style='background-color:white' class='surname'>L\u00ea<\/td><td style='background-color:white' class='given'>Qu\u1ed1c<\/td><td style='background-color:white' class='rp_dates'>22 Sep 1985 - <\/td><td style='background-color:white' class='page'><a href='https:\/\/www.giaphahonguyen.com\/vi?page_id=37'>37<\/a><\/td><\/tr><tr class='odd'><td style='background-color:#DDDDDD' class='surname'>L\u00ea<\/td><td style='background-color:#DDDDDD' class='given'>Tr\u00e2m<\/td><td style='background-color:#DDDDDD' class='rp_dates'>24 Jul 1967 - <\/td><td style='background-color:#DDDDDD' class='page'><a href='https:\/\/www.giaphahonguyen.com\/vi?page_id=38'>38<\/a><\/td><\/tr><tr class='even'><td style='background-color:white' class='surname'>Ng\u00f4<\/td><td style='background-color:white' class='given'>\u0110\u1ed7<\/td><td style='background-color:white' class='rp_dates'> - <\/td><td style='background-color:white' class='page'><a href='https:\/\/www.giaphahonguyen.com\/vi?page_id=39'>39<\/a><\/td><\/tr><tr class='odd'><td style='background-color:#DDDDDD' class='surname'>Nguy\u1ec5n<\/td><td style='background-color:#DDDDDD' class='given'>Anh<\/td><td style='background-color:#DDDDDD' class='rp_dates'>1980 - <\/td><td style='background-color:#DDDDDD' class='page'><a href='https:\/\/www.giaphahonguyen.com\/vi?page_id=40'>40<\/a><\/td><\/tr><tr class='even'><td style='background-color:white' class='surname'>Nguy\u1ec5n<\/td><td style='background-color:white' class='given'>B\u00e0 C\u1ea7m<\/td><td style='background-color:white' class='rp_dates'> - <\/td><td style='background-color:white' class='page'><a href='https:\/\/www.giaphahonguyen.com\/vi?page_id=41'>41<\/a><\/td><\/tr><tr class='odd'><td style='background-color:#DDDDDD' class='surname'>Nguy\u1ec5n<\/td><td style='background-color:#DDDDDD' class='given'>B\u00e0 Th\u1ee9 Hai<\/td><td style='background-color:#DDDDDD' class='rp_dates'> - <\/td><td style='background-color:#DDDDDD' class='page'><a href='https:\/\/www.giaphahonguyen.com\/vi?page_id=42'>42<\/a><\/td><\/tr><tr class='even'><td style='background-color:white' class='surname'>Nguy\u1ec5n<\/td><td style='background-color:white' class='given'>B\u00e0i<\/td><td style='background-color:white' class='rp_dates'> - <\/td><td style='background-color:white' class='page'><a href='https:\/\/www.giaphahonguyen.com\/vi?page_id=43'>43<\/a><\/td><\/tr><tr class='odd'><td style='background-color:#DDDDDD' class='surname'>Nguy\u1ec5n<\/td><td style='background-color:#DDDDDD' class='given'>Ch\u1eabn<\/td><td style='background-color:#DDDDDD' class='rp_dates'>1904 - 1983<\/td><td style='background-color:#DDDDDD' class='page'><a href='https:\/\/www.giaphahonguyen.com\/vi?page_id=44'>44<\/a><\/td><\/tr><tr class='even'><td style='background-color:white' class='surname'>Nguy\u1ec5n<\/td><td style='background-color:white' class='given'>Ch\u00e2u<\/td><td style='background-color:white' class='rp_dates'> - <\/td><td style='background-color:white' class='page'><a href='https:\/\/www.giaphahonguyen.com\/vi?page_id=45'>45<\/a><\/td><\/tr><tr class='odd'><td style='background-color:#DDDDDD' class='surname'>Nguy\u1ec5n<\/td><td style='background-color:#DDDDDD' class='given'>Ch\u00edn<\/td><td style='background-color:#DDDDDD' class='rp_dates'> - <\/td><td style='background-color:#DDDDDD' class='page'><a href='https:\/\/www.giaphahonguyen.com\/vi?page_id=46'>46<\/a><\/td><\/tr><tr class='even'><td style='background-color:white' class='surname'>Nguy\u1ec5n<\/td><td style='background-color:white' class='given'>D\u00e2n<\/td><td style='background-color:white' class='rp_dates'> - <\/td><td style='background-color:white' class='page'><a href='https:\/\/www.giaphahonguyen.com\/vi?page_id=47'>47<\/a><\/td><\/tr><\/table><div class='xofy'>Hi\u1ec3n th\u1ecb 1 - 25 m\u1eabu tin<\/div><div class='pagination'><span class='disabled'>TRANG \u0110\u1ea6U<\/span><span class='disabled'>TR\u1ede L\u1ea0I<\/span><span class='current'>1<\/span><a href='https:\/\/www.giaphahonguyen.com\/vi?page_id=0&rootsvar=2'>2<\/a><a href='https:\/\/www.giaphahonguyen.com\/vi?page_id=0&rootsvar=3'>3<\/a><a href='https:\/\/www.giaphahonguyen.com\/vi?page_id=0&rootsvar=4'>4<\/a><a href='https:\/\/www.giaphahonguyen.com\/vi?page_id=0&rootsvar=5'>5<\/a><a href='https:\/\/www.giaphahonguyen.com\/vi?page_id=0&rootsvar=6'>6<\/a><a href='https:\/\/www.giaphahonguyen.com\/vi?page_id=0&rootsvar=7'>7<\/a><a href='https:\/\/www.giaphahonguyen.com\/vi?page_id=0&rootsvar=8'>8<\/a><a href='https:\/\/www.giaphahonguyen.com\/vi?page_id=0&rootsvar=2'>TI\u1ebeP<\/a><a href='https:\/\/www.giaphahonguyen.com\/vi?page_id=0&rootsvar=8'>TRANG CU\u1ed0I<\/a><\/div><\/div>","protected":false},"excerpt":{"rendered":"<p>DANH M\u1ee4C TH\u00c0NH VI\u00caN TRONG D\u00d2NG T\u1ed8C<\/p>","protected":false},"author":0,"featured_media":0,"parent":0,"menu_order":0,"comment_status":"closed","ping_status":"closed","template":"","meta":{"_uag_custom_page_level_css":"","footnotes":""},"class_list":["post-6","page","type-page","status-publish","hentry"],"uagb_featured_image_src":{"full":false,"thumbnail":false,"medium":false,"medium_large":false,"large":false,"1536x1536":false,"2048x2048":false,"trp-custom-language-flag":false,"twentyseventeen-featured-image":false,"twentyseventeen-thumbnail-avatar":false},"uagb_author_info":{"display_name":"","author_link":"https:\/\/www.giaphahonguyen.com\/vi\/author\/"},"uagb_comment_info":0,"uagb_excerpt":"DANH M\u1ee4C TH\u00c0NH VI\u00caN TRONG D\u00d2NG T\u1ed8C","_links":{"self":[{"href":"https:\/\/www.giaphahonguyen.com\/vi\/wp-json\/wp\/v2\/pages\/6","targetHints":{"allow":["GET"]}}],"collection":[{"href":"https:\/\/www.giaphahonguyen.com\/vi\/wp-json\/wp\/v2\/pages"}],"about":[{"href":"https:\/\/www.giaphahonguyen.com\/vi\/wp-json\/wp\/v2\/types\/page"}],"replies":[{"embeddable":true,"href":"https:\/\/www.giaphahonguyen.com\/vi\/wp-json\/wp\/v2\/comments?post=6"}],"version-history":[{"count":7,"href":"https:\/\/www.giaphahonguyen.com\/vi\/wp-json\/wp\/v2\/pages\/6\/revisions"}],"predecessor-version":[{"id":351,"href":"https:\/\/www.giaphahonguyen.com\/vi\/wp-json\/wp\/v2\/pages\/6\/revisions\/351"}],"wp:attachment":[{"href":"https:\/\/www.giaphahonguyen.com\/vi\/wp-json\/wp\/v2\/media?parent=6"}],"curies":[{"name":"wp","href":"https:\/\/api.w.org\/{rel}","templated":true}]}}