{"id":261,"date":"2024-07-16T07:44:44","date_gmt":"2024-07-16T07:44:44","guid":{"rendered":"https:\/\/giaphahonguyen.com\/?page_id=261"},"modified":"2024-07-19T05:27:20","modified_gmt":"2024-07-19T05:27:20","slug":"contact-us","status":"publish","type":"page","link":"https:\/\/www.giaphahonguyen.com\/vi\/contact-us\/","title":{"rendered":"LI\u00caN H\u1ec6"},"content":{"rendered":"<div class=\"wp-block-uagb-advanced-heading uagb-block-f605f361\"><h2 class=\"uagb-heading-text\"><strong>LI\u00caN H\u1ec6<\/strong><\/h2><\/div>\n\n\n\n<div class=\"wp-block-uagb-container uagb-block-f05f833c alignfull uagb-is-root-container\"><style id=\"wpforms-css-vars-root\">\n\t\t\t\t:root {\n\t\t\t\t\t--wpforms-field-border-radius: 3px;\n--wpforms-field-border-style: solid;\n--wpforms-field-border-size: 1px;\n--wpforms-field-background-color: #ffffff;\n--wpforms-field-border-color: rgba( 0, 0, 0, 0.25 );\n--wpforms-field-border-color-spare: rgba( 0, 0, 0, 0.25 );\n--wpforms-field-text-color: rgba( 0, 0, 0, 0.7 );\n--wpforms-field-menu-color: #ffffff;\n--wpforms-label-color: rgba( 0, 0, 0, 0.85 );\n--wpforms-label-sublabel-color: rgba( 0, 0, 0, 0.55 );\n--wpforms-label-error-color: #d63637;\n--wpforms-button-border-radius: 3px;\n--wpforms-button-border-style: none;\n--wpforms-button-border-size: 1px;\n--wpforms-button-background-color: #066aab;\n--wpforms-button-border-color: #066aab;\n--wpforms-button-text-color: #ffffff;\n--wpforms-page-break-color: #066aab;\n--wpforms-background-image: none;\n--wpforms-background-position: center center;\n--wpforms-background-repeat: no-repeat;\n--wpforms-background-size: cover;\n--wpforms-background-width: 100px;\n--wpforms-background-height: 100px;\n--wpforms-background-color: rgba( 0, 0, 0, 0 );\n--wpforms-background-url: none;\n--wpforms-container-padding: 0px;\n--wpforms-container-border-style: none;\n--wpforms-container-border-width: 1px;\n--wpforms-container-border-color: #000000;\n--wpforms-container-border-radius: 3px;\n--wpforms-field-size-input-height: 43px;\n--wpforms-field-size-input-spacing: 15px;\n--wpforms-field-size-font-size: 16px;\n--wpforms-field-size-line-height: 19px;\n--wpforms-field-size-padding-h: 14px;\n--wpforms-field-size-checkbox-size: 16px;\n--wpforms-field-size-sublabel-spacing: 5px;\n--wpforms-field-size-icon-size: 1;\n--wpforms-label-size-font-size: 16px;\n--wpforms-label-size-line-height: 19px;\n--wpforms-label-size-sublabel-font-size: 14px;\n--wpforms-label-size-sublabel-line-height: 17px;\n--wpforms-button-size-font-size: 17px;\n--wpforms-button-size-height: 41px;\n--wpforms-button-size-padding-h: 15px;\n--wpforms-button-size-margin-top: 10px;\n--wpforms-container-shadow-size-box-shadow: none;\n\n\t\t\t\t}\n\t\t\t<\/style><div class=\"wpforms-container wpforms-container-full wpforms-block wpforms-block-b4188329-42b1-4afa-b829-808297d2d3aa wpforms-render-modern\" id=\"wpforms-283\"><form id=\"wpforms-form-283\" class=\"wpforms-validate wpforms-form wpforms-ajax-form\" data-formid=\"283\" method=\"post\" enctype=\"multipart\/form-data\" action=\"\/vi\/wp-json\/wp\/v2\/pages\/261\" data-token=\"3f21ed897538deed04ee863f5b9a6db8\" data-token-time=\"1776684038\" data-trp-original-action=\"\/vi\/wp-json\/wp\/v2\/pages\/261\"><noscript class=\"wpforms-error-noscript\">Vui l\u00f2ng b\u1eadt JavaScript trong tr\u00ecnh duy\u1ec7t c\u1ee7a b\u1ea1n \u0111\u1ec3 ho\u00e0n th\u00e0nh Form n\u00e0y.<\/noscript><div class=\"wpforms-hidden\" id=\"wpforms-error-noscript\">Vui l\u00f2ng b\u1eadt JavaScript trong tr\u00ecnh duy\u1ec7t c\u1ee7a b\u1ea1n \u0111\u1ec3 ho\u00e0n th\u00e0nh Form n\u00e0y.<\/div><div class=\"wpforms-field-container\"><div id=\"wpforms-283-field_4-container\" class=\"wpforms-field wpforms-field-name\" data-field-id=\"4\"><label class=\"wpforms-field-label wpforms-label-hide\" for=\"wpforms-283-field_4\" aria-hidden=\"false\">T\u00caN <span class=\"wpforms-required-label\" aria-hidden=\"true\">*<\/span><\/label><input type=\"text\" id=\"wpforms-283-field_4\" class=\"wpforms-field-large wpforms-field-required\" name=\"wpforms[fields][4]\" placeholder=\"Full name *\" aria-errormessage=\"wpforms-283-field_4-error\" required><\/div><div id=\"wpforms-283-field_1-container\" class=\"wpforms-field wpforms-field-email\" data-field-id=\"1\"><label class=\"wpforms-field-label wpforms-label-hide\" for=\"wpforms-283-field_1\" aria-hidden=\"false\">Email <span class=\"wpforms-required-label\" aria-hidden=\"true\">*<\/span><\/label><input type=\"email\" id=\"wpforms-283-field_1\" class=\"wpforms-field-large wpforms-field-required\" name=\"wpforms[fields][1]\" placeholder=\"Email address *\" spellcheck=\"false\" aria-errormessage=\"wpforms-283-field_1-error\" required><\/div><div id=\"wpforms-283-field_5-container\" class=\"wpforms-field wpforms-field-number\" data-field-id=\"5\"><label class=\"wpforms-field-label wpforms-label-hide\" for=\"wpforms-283-field_5\" aria-hidden=\"false\">Phone number<\/label><input type=\"number\" id=\"wpforms-283-field_5\" class=\"wpforms-field-large\" name=\"wpforms[fields][5]\" placeholder=\"Phone number\" aria-errormessage=\"wpforms-283-field_5-error\" ><\/div><div id=\"wpforms-283-field_2-container\" class=\"wpforms-field wpforms-field-textarea\" data-field-id=\"2\"><label class=\"wpforms-field-label wpforms-label-hide\" for=\"wpforms-283-field_2\" aria-hidden=\"false\">Comment or Message <span class=\"wpforms-required-label\" aria-hidden=\"true\">*<\/span><\/label><textarea id=\"wpforms-283-field_2\" class=\"wpforms-field-medium wpforms-field-required\" name=\"wpforms[fields][2]\" placeholder=\"Comment or Message *\" aria-errormessage=\"wpforms-283-field_2-error\" required><\/textarea><\/div><\/div><!-- .wpforms-field-container --><div class=\"wpforms-recaptcha-container wpforms-is-recaptcha wpforms-is-recaptcha-type-v3\" ><input type=\"hidden\" name=\"wpforms[recaptcha]\" value=\"\"><\/div><div class=\"wpforms-submit-container\" ><input type=\"hidden\" name=\"wpforms[id]\" value=\"283\"><input type=\"hidden\" name=\"page_title\" value=\"\"><input type=\"hidden\" name=\"page_url\" value=\"https:\/\/www.giaphahonguyen.com\/vi\/wp-json\/wp\/v2\/pages\/261\"><button type=\"submit\" name=\"wpforms[submit]\" id=\"wpforms-submit-283\" class=\"wpforms-submit\" data-alt-text=\"Sending...\" data-submit-text=\"Submit\" aria-live=\"assertive\" value=\"wpforms-submit\">Submit<\/button><img loading=\"lazy\" decoding=\"async\" src=\"https:\/\/www.giaphahonguyen.com\/wp-content\/plugins\/wpforms-lite\/assets\/images\/submit-spin.svg\" class=\"wpforms-submit-spinner\" style=\"display: none;\" width=\"26\" height=\"26\" alt=\"\u0110ang t\u1ea3i\"><\/div><input type=\"hidden\" name=\"trp-form-language\" value=\"vi\"\/><\/form><\/div>  <!-- .wpforms-container --><\/div>\n\n\n\n<div style=\"height:100px\" aria-hidden=\"true\" class=\"wp-block-spacer\"><\/div>","protected":false},"excerpt":{"rendered":"<p>LI\u00caN H\u1ec6<\/p>","protected":false},"author":1,"featured_media":333,"parent":0,"menu_order":0,"comment_status":"closed","ping_status":"closed","template":"","meta":{"_uag_custom_page_level_css":"","footnotes":""},"class_list":["post-261","page","type-page","status-publish","has-post-thumbnail","hentry"],"uagb_featured_image_src":{"full":["https:\/\/www.giaphahonguyen.com\/wp-content\/uploads\/2024\/07\/bg-07.jpg",1792,1005,false],"thumbnail":["https:\/\/www.giaphahonguyen.com\/wp-content\/uploads\/2024\/07\/bg-07-150x150.jpg",150,150,true],"medium":["https:\/\/www.giaphahonguyen.com\/wp-content\/uploads\/2024\/07\/bg-07-300x168.jpg",300,168,true],"medium_large":["https:\/\/www.giaphahonguyen.com\/wp-content\/uploads\/2024\/07\/bg-07-768x431.jpg",525,295,true],"large":["https:\/\/www.giaphahonguyen.com\/wp-content\/uploads\/2024\/07\/bg-07-1024x574.jpg",525,294,true],"1536x1536":["https:\/\/www.giaphahonguyen.com\/wp-content\/uploads\/2024\/07\/bg-07-1536x861.jpg",1536,861,true],"2048x2048":["https:\/\/www.giaphahonguyen.com\/wp-content\/uploads\/2024\/07\/bg-07.jpg",1792,1005,false],"trp-custom-language-flag":["https:\/\/www.giaphahonguyen.com\/wp-content\/uploads\/2024\/07\/bg-07-18x10.jpg",18,10,true],"twentyseventeen-featured-image":["https:\/\/www.giaphahonguyen.com\/wp-content\/uploads\/2024\/07\/bg-07.jpg",1792,1005,false],"twentyseventeen-thumbnail-avatar":["https:\/\/www.giaphahonguyen.com\/wp-content\/uploads\/2024\/07\/bg-07-100x100.jpg",100,100,true]},"uagb_author_info":{"display_name":"ig1_ep2g7a","author_link":"https:\/\/www.giaphahonguyen.com\/vi\/author\/ig1_ep2g7a\/"},"uagb_comment_info":0,"uagb_excerpt":"LI\u00caN H\u1ec6","_links":{"self":[{"href":"https:\/\/www.giaphahonguyen.com\/vi\/wp-json\/wp\/v2\/pages\/261","targetHints":{"allow":["GET"]}}],"collection":[{"href":"https:\/\/www.giaphahonguyen.com\/vi\/wp-json\/wp\/v2\/pages"}],"about":[{"href":"https:\/\/www.giaphahonguyen.com\/vi\/wp-json\/wp\/v2\/types\/page"}],"author":[{"embeddable":true,"href":"https:\/\/www.giaphahonguyen.com\/vi\/wp-json\/wp\/v2\/users\/1"}],"replies":[{"embeddable":true,"href":"https:\/\/www.giaphahonguyen.com\/vi\/wp-json\/wp\/v2\/comments?post=261"}],"version-history":[{"count":6,"href":"https:\/\/www.giaphahonguyen.com\/vi\/wp-json\/wp\/v2\/pages\/261\/revisions"}],"predecessor-version":[{"id":355,"href":"https:\/\/www.giaphahonguyen.com\/vi\/wp-json\/wp\/v2\/pages\/261\/revisions\/355"}],"wp:featuredmedia":[{"embeddable":true,"href":"https:\/\/www.giaphahonguyen.com\/vi\/wp-json\/wp\/v2\/media\/333"}],"wp:attachment":[{"href":"https:\/\/www.giaphahonguyen.com\/vi\/wp-json\/wp\/v2\/media?parent=261"}],"curies":[{"name":"wp","href":"https:\/\/api.w.org\/{rel}","templated":true}]}}