{"id":259,"date":"2024-07-16T07:43:46","date_gmt":"2024-07-16T07:43:46","guid":{"rendered":"https:\/\/giaphahonguyen.com\/?page_id=259"},"modified":"2024-07-18T04:02:45","modified_gmt":"2024-07-18T04:02:45","slug":"thank-you","status":"publish","type":"page","link":"https:\/\/www.giaphahonguyen.com\/vi\/thank-you\/","title":{"rendered":"L\u1edcI C\u1ea2M \u01a0N"},"content":{"rendered":"<div class=\"wp-block-uagb-advanced-heading uagb-block-c8d0bd1e\"><h2 class=\"uagb-heading-text\"><strong>L\u1edcI C\u1ea2M \u01a0N<\/strong><\/h2><\/div>\n\n\n\n<div class=\"wp-block-uagb-container uagb-block-27078ff2 alignfull uagb-is-root-container\">\n<div class=\"wp-block-uagb-container uagb-block-be491b39\">\n<p>T\u00f4i ch\u1eb3ng l\u00e0 g\u00ec n\u1ebfu kh\u00f4ng c\u00f3 V\u0169 Tr\u1ee5 n\u00e2ng \u0111\u1ee1 t\u1eebng b\u01b0\u1edbc ch\u00e2n.<br>T\u00f4i ch\u1eb3ng l\u00e0m \u0111\u01b0\u1ee3c g\u00ec n\u1ebfu kh\u00f4ng c\u00f3 T\u1ed5 Ti\u00ean d\u1eabn \u0111\u01b0\u1eddng ch\u1ec9 l\u1ed1i.<br>T\u00f4i c\u1ea3m \u01a1n nh\u1eefng nh\u00e2n duy\u00ean \u0111\u00e3 k\u1ebft n\u1ed1i v\u00e0 d\u1eabn \u0111\u01b0\u1eddng \u0111\u1ec3 ho\u00e0n thi\u1ec7n t\u1eebng b\u01b0\u1edbc m\u1ed9t c\u1ee7a trang Gia Ph\u1ea3 n\u00e0y.<br>Con c\u1ea3m \u01a1n Ba \u0111\u00e3 \u0111\u00f3ng g\u00f3p v\u00e0 g\u00f3p \u00fd t\u1eebng c\u00e2u ch\u1eef cho n\u1ed9i d\u1ee5ng trang Gia Ph\u1ea3 n\u00e0y.<br>Xin c\u1ea3m \u01a1n c\u00e1c th\u00e0nh vi\u00ean trong D\u00f2ng T\u1ed9c \u0111\u00e3 d\u00e0nh nhi\u1ec1u th\u1eddi gian \u0111\u1ec3 tham gia, \u0111\u00f3ng g\u00f3p x\u00e2y d\u1ef1ng n\u1ed9i dung trang Gia Ph\u1ea3 d\u00f2ng h\u1ecd m\u00ecnh \u0111\u01b0\u1ee3c ho\u00e0n ch\u1ec9nh.<\/p>\n\n\n\n<p>\u00dd nguy\u1ec7n t\u1eeb \u00f4ng N\u1ed9i t\u00f4i l\u00fac sinh th\u1eddi, \u00d4ng mong mu\u1ed1n v\u1edbi s\u1ef1 tr\u1ee3 gi\u00fap c\u1ee7a c\u00f4ng ngh\u1ec7 \u0111\u1ec3 k\u1ebft n\u1ed1i c\u00e1c th\u00e0nh vi\u00ean trong d\u00f2ng t\u1ed9c v\u00ec m\u1ed9t l\u00fd do n\u00e0o \u0111\u00f3 m\u00e0 xa Qu\u00ea H\u01b0\u01a1ng c\u00f3 th\u1ec3 nh\u1eadn ra h\u1ecd h\u00e0ng, T\u1ed5 Ti\u00ean.<br>T\u1eeb n\u0103m 2018, m\u00e3i \u0111\u1ebfn nay n\u0103m 2024 m\u1edbi c\u00f3 th\u1ec3 th\u1ef1c hi\u1ec7n \u0111\u01b0\u1ee3c.<\/p>\n\n\n\n<p>Trong qu\u00e1 tr\u00ecnh ph\u00e1t tri\u1ec3n trang Gia Ph\u1ea3 n\u00e0y, kh\u00f4ng tr\u00e1nh kh\u1ecfi nh\u1eefng thi\u1ebfu s\u00f3t, r\u1ea5t mong c\u00e1c b\u1eadc ti\u1ec1n b\u1ed1i, c\u00e1c th\u00e2n h\u1eefu g\u1ea7n xa lu\u1ee3ng th\u1ee9 v\u00e0 g\u00f3p \u00fd th\u00eam \u0111\u1ec3 trang \u0111\u01b0\u1ee3c ho\u00e0n thi\u1ec7n.<\/p>\n<\/div>\n\n\n\n<div class=\"wp-block-uagb-container uagb-block-e560ca70\">\n<div class=\"wp-block-uagb-container uagb-block-a4397c76\"><\/div>\n\n\n\n<div class=\"wp-block-uagb-container uagb-block-e00753d7\">\n<p class=\"has-text-align-center\">Tr\u00e2n tr\u1ecdng bi\u1ebft \u01a1n<br>Ch\u00e1u \u0111\u1eddi th\u1ee9 6<br><strong>Nguy\u1ec5n \u0110\u00ecnh Tu\u00e2n<\/strong><\/p>\n<\/div>\n<\/div>\n<\/div>","protected":false},"excerpt":{"rendered":"<p>L\u1edcI C\u1ea2M \u01a0N T\u00f4i ch\u1eb3ng l\u00e0 g\u00ec n\u1ebfu kh\u00f4ng c\u00f3 V\u0169 Tr\u1ee5 n\u00e2ng \u0111\u1ee1 t\u1eebng b\u01b0\u1edbc ch\u00e2n.T\u00f4i ch\u1eb3ng l\u00e0m \u0111\u01b0\u1ee3c g\u00ec n\u1ebfu kh\u00f4ng c\u00f3 T\u1ed5 Ti\u00ean d\u1eabn \u0111\u01b0\u1eddng ch\u1ec9 l\u1ed1i.T\u00f4i c\u1ea3m \u01a1n nh\u1eefng nh\u00e2n duy\u00ean \u0111\u00e3 k\u1ebft n\u1ed1i v\u00e0 d\u1eabn \u0111\u01b0\u1eddng \u0111\u1ec3 ho\u00e0n thi\u1ec7n t\u1eebng b\u01b0\u1edbc m\u1ed9t c\u1ee7a trang Gia Ph\u1ea3 n\u00e0y.Con c\u1ea3m \u01a1n Ba &hellip; <\/p>\n<p class=\"link-more\"><a href=\"https:\/\/www.giaphahonguyen.com\/vi\/thank-you\/\" class=\"more-link\">\u0110\u1ecdc ti\u1ebfp<span class=\"screen-reader-text\"> &#8220;THANK YOU&#8221;<\/span><\/a><\/p>","protected":false},"author":1,"featured_media":0,"parent":0,"menu_order":0,"comment_status":"closed","ping_status":"closed","template":"","meta":{"_uag_custom_page_level_css":"","footnotes":""},"class_list":["post-259","page","type-page","status-publish","hentry"],"uagb_featured_image_src":{"full":false,"thumbnail":false,"medium":false,"medium_large":false,"large":false,"1536x1536":false,"2048x2048":false,"trp-custom-language-flag":false,"twentyseventeen-featured-image":false,"twentyseventeen-thumbnail-avatar":false},"uagb_author_info":{"display_name":"ig1_ep2g7a","author_link":"https:\/\/www.giaphahonguyen.com\/vi\/author\/ig1_ep2g7a\/"},"uagb_comment_info":0,"uagb_excerpt":"L\u1edcI C\u1ea2M \u01a0N T\u00f4i ch\u1eb3ng l\u00e0 g\u00ec n\u1ebfu kh\u00f4ng c\u00f3 V\u0169 Tr\u1ee5 n\u00e2ng \u0111\u1ee1 t\u1eebng b\u01b0\u1edbc ch\u00e2n.T\u00f4i ch\u1eb3ng l\u00e0m \u0111\u01b0\u1ee3c g\u00ec n\u1ebfu kh\u00f4ng c\u00f3 T\u1ed5 Ti\u00ean d\u1eabn \u0111\u01b0\u1eddng ch\u1ec9 l\u1ed1i.T\u00f4i c\u1ea3m \u01a1n nh\u1eefng nh\u00e2n duy\u00ean \u0111\u00e3 k\u1ebft n\u1ed1i v\u00e0 d\u1eabn \u0111\u01b0\u1eddng \u0111\u1ec3 ho\u00e0n thi\u1ec7n t\u1eebng b\u01b0\u1edbc m\u1ed9t c\u1ee7a trang Gia Ph\u1ea3 n\u00e0y.Con c\u1ea3m \u01a1n Ba&hellip;","_links":{"self":[{"href":"https:\/\/www.giaphahonguyen.com\/vi\/wp-json\/wp\/v2\/pages\/259","targetHints":{"allow":["GET"]}}],"collection":[{"href":"https:\/\/www.giaphahonguyen.com\/vi\/wp-json\/wp\/v2\/pages"}],"about":[{"href":"https:\/\/www.giaphahonguyen.com\/vi\/wp-json\/wp\/v2\/types\/page"}],"author":[{"embeddable":true,"href":"https:\/\/www.giaphahonguyen.com\/vi\/wp-json\/wp\/v2\/users\/1"}],"replies":[{"embeddable":true,"href":"https:\/\/www.giaphahonguyen.com\/vi\/wp-json\/wp\/v2\/comments?post=259"}],"version-history":[{"count":8,"href":"https:\/\/www.giaphahonguyen.com\/vi\/wp-json\/wp\/v2\/pages\/259\/revisions"}],"predecessor-version":[{"id":352,"href":"https:\/\/www.giaphahonguyen.com\/vi\/wp-json\/wp\/v2\/pages\/259\/revisions\/352"}],"wp:attachment":[{"href":"https:\/\/www.giaphahonguyen.com\/vi\/wp-json\/wp\/v2\/media?parent=259"}],"curies":[{"name":"wp","href":"https:\/\/api.w.org\/{rel}","templated":true}]}}