{"id":255,"date":"2024-07-16T07:41:41","date_gmt":"2024-07-16T07:41:41","guid":{"rendered":"https:\/\/giaphahonguyen.com\/?page_id=255"},"modified":"2024-07-25T13:01:34","modified_gmt":"2024-07-25T06:01:34","slug":"news","status":"publish","type":"page","link":"https:\/\/www.giaphahonguyen.com\/vi\/news\/","title":{"rendered":"D\u1ea4U CH\u00c2N"},"content":{"rendered":"<div class=\"wp-block-uagb-advanced-heading uagb-block-29ee5925\"><h2 class=\"uagb-heading-text\"><strong>TIN T\u1ee8C V\u00c0 S\u1ef0 KI\u1ec6N<\/strong><\/h2><div class=\"uagb-separator\"><\/div><\/div>\n\n\n\n<div class=\"wp-block-query is-layout-flow wp-block-query-is-layout-flow\"><ul class=\"wp-block-post-template is-layout-flow wp-block-post-template-is-layout-flow\"><li class=\"wp-block-post post-461 post type-post status-publish format-standard has-post-thumbnail hentry category-uncategorized\">\n<h2 class=\"wp-block-post-title\"><a href=\"https:\/\/www.giaphahonguyen.com\/vi\/2026\/04\/06\/461\/\" target=\"_self\" >T\u1ea3 Van, Sa Pa n\u1eb1m trong 6 ng\u00f4i l\u00e0ng \u0111\u1eb9p nh\u1ea5t ch\u00e2u \u00c1<\/a><\/h2>\n\n<div class=\"wp-block-post-date\"><time datetime=\"2026-04-06T10:29:24+07:00\">06\/04\/2026<\/time><\/div>\n\n<figure class=\"alignwide wp-block-post-featured-image\"><a href=\"https:\/\/www.giaphahonguyen.com\/vi\/2026\/04\/06\/461\/\" target=\"_self\"  ><img loading=\"lazy\" decoding=\"async\" width=\"2000\" height=\"1332\" src=\"https:\/\/www.giaphahonguyen.com\/wp-content\/uploads\/2026\/04\/aad21fd8aa5c1c02454d-1752658747.webp\" class=\"attachment-post-thumbnail size-post-thumbnail wp-post-image\" alt=\"T\u1ea3 Van, Sa Pa n\u1eb1m trong 6 ng\u00f4i l\u00e0ng \u0111\u1eb9p nh\u1ea5t ch\u00e2u \u00c1\" style=\"object-fit:cover;\" srcset=\"https:\/\/www.giaphahonguyen.com\/wp-content\/uploads\/2026\/04\/aad21fd8aa5c1c02454d-1752658747.webp 2000w, https:\/\/www.giaphahonguyen.com\/wp-content\/uploads\/2026\/04\/aad21fd8aa5c1c02454d-1752658747-300x200.webp 300w, https:\/\/www.giaphahonguyen.com\/wp-content\/uploads\/2026\/04\/aad21fd8aa5c1c02454d-1752658747-1024x682.webp 1024w, https:\/\/www.giaphahonguyen.com\/wp-content\/uploads\/2026\/04\/aad21fd8aa5c1c02454d-1752658747-768x511.webp 768w, https:\/\/www.giaphahonguyen.com\/wp-content\/uploads\/2026\/04\/aad21fd8aa5c1c02454d-1752658747-1536x1023.webp 1536w, https:\/\/www.giaphahonguyen.com\/wp-content\/uploads\/2026\/04\/aad21fd8aa5c1c02454d-1752658747-18x12.webp 18w\" sizes=\"auto, 100vw\" \/><\/a><\/figure>\n\n<div class=\"wp-block-post-excerpt\"><p class=\"wp-block-post-excerpt__excerpt\">B\u00e1o Hong Kong gi\u1edbi thi\u1ec7u b\u1ea3n T\u1ea3 Van l\u00e0 m\u1ed9t trong 6 ng\u00f4i l\u00e0ng \u0111\u1eb9p nh\u1ea5t ch\u00e2u \u00c1, th\u00edch h\u1ee3p cho du kh\u00e1ch t\u00ecm ki\u1ebfm s\u1ef1 y\u00ean t\u0129nh v\u00e0 t\u1eadn h\u01b0\u1edfng kh\u00ed h\u1eadu m\u00e1t m\u1ebb v\u00f9ng n\u00fai.<\/p><p class=\"wp-block-post-excerpt__more-text\"><a class=\"wp-block-post-excerpt__more-link\" href=\"https:\/\/www.giaphahonguyen.com\/vi\/2026\/04\/06\/461\/\"><em>\u0110\u1ecdc ti\u1ebfp<\/em><\/a><\/p><\/div>\n\n\n<hr class=\"wp-block-separator has-css-opacity\"\/>\n\n<\/li><li class=\"wp-block-post post-418 post type-post status-publish format-standard hentry category-uncategorized\">\n<h2 class=\"wp-block-post-title\"><a href=\"https:\/\/www.giaphahonguyen.com\/vi\/2024\/07\/28\/rau-lang-than-duoc-chua-nhieu-benh-nhung-an-sai-se-nguy-hai\/\" target=\"_self\" >Rau lang &#8216;th\u1ea7n d\u01b0\u1ee3c&#8217; ch\u1eefa nhi\u1ec1u b\u1ec7nh, nh\u01b0ng \u0103n sai s\u1ebd nguy h\u1ea1i<\/a><\/h2>\n\n<div class=\"wp-block-post-date\"><time datetime=\"2024-07-28T10:44:44+07:00\">28\/07\/2024<\/time><\/div>\n\n\n\n<div class=\"wp-block-post-excerpt\"><p class=\"wp-block-post-excerpt__excerpt\">Rau lang cung c\u1ea5p dinh d\u01b0\u1ee1ng t\u1edbi c\u01a1 th\u1ec3 nhi\u1ec1u h\u01a1n khi \u0103n c\u1ee7 khoai lang. Vitamin khi \u0103n rau lang cao g\u1ea5p 3 l\u1ea7n khi \u0103n khoai lang, vitamin C cao h\u01a1n 5 l\u1ea7n, riboflavin cao h\u01a1n g\u1ea5p 10 l\u1ea7n\u2026 V\u1eady \u0103n sao cho b\u1ed5 d\u01b0\u1ee1ng, ch\u1eefa b\u1ec7nh? Th\u1ea7n d\u01b0\u1ee3c kh\u00f4ng \u0111\u1ed9c t\u1ed1, t\u1ed1t<\/p><p class=\"wp-block-post-excerpt__more-text\"><a class=\"wp-block-post-excerpt__more-link\" href=\"https:\/\/www.giaphahonguyen.com\/vi\/2024\/07\/28\/rau-lang-than-duoc-chua-nhieu-benh-nhung-an-sai-se-nguy-hai\/\"><em>\u0110\u1ecdc ti\u1ebfp<\/em><\/a><\/p><\/div>\n\n\n<hr class=\"wp-block-separator has-css-opacity\"\/>\n\n<\/li><li class=\"wp-block-post post-404 post type-post status-publish format-standard has-post-thumbnail hentry category-uncategorized\">\n<h2 class=\"wp-block-post-title\"><a href=\"https:\/\/www.giaphahonguyen.com\/vi\/2024\/07\/23\/san-may-o-khap-viet-nam\/\" target=\"_self\" >S\u0103n m\u00e2y \u1edf kh\u1eafp Vi\u1ec7t Nam<\/a><\/h2>\n\n<div class=\"wp-block-post-date\"><time datetime=\"2024-07-23T05:46:24+07:00\">23\/07\/2024<\/time><\/div>\n\n<figure class=\"alignwide wp-block-post-featured-image\"><a href=\"https:\/\/www.giaphahonguyen.com\/vi\/2024\/07\/23\/san-may-o-khap-viet-nam\/\" target=\"_self\"  ><img loading=\"lazy\" decoding=\"async\" width=\"1200\" height=\"720\" src=\"https:\/\/www.giaphahonguyen.com\/wp-content\/uploads\/2024\/07\/Ngai-Thau-1718158911.jpg\" class=\"attachment-post-thumbnail size-post-thumbnail wp-post-image\" alt=\"S\u0103n m\u00e2y \u1edf kh\u1eafp Vi\u1ec7t Nam\" style=\"object-fit:cover;\" srcset=\"https:\/\/www.giaphahonguyen.com\/wp-content\/uploads\/2024\/07\/Ngai-Thau-1718158911.jpg 1200w, https:\/\/www.giaphahonguyen.com\/wp-content\/uploads\/2024\/07\/Ngai-Thau-1718158911-300x180.jpg 300w, https:\/\/www.giaphahonguyen.com\/wp-content\/uploads\/2024\/07\/Ngai-Thau-1718158911-1024x614.jpg 1024w, https:\/\/www.giaphahonguyen.com\/wp-content\/uploads\/2024\/07\/Ngai-Thau-1718158911-768x461.jpg 768w, https:\/\/www.giaphahonguyen.com\/wp-content\/uploads\/2024\/07\/Ngai-Thau-1718158911-18x12.jpg 18w\" sizes=\"auto, 100vw\" \/><\/a><\/figure>\n\n<div class=\"wp-block-post-excerpt\"><p class=\"wp-block-post-excerpt__excerpt\">Nhi\u1ebfp \u1ea3nh gia B\u00f9i Xu\u00e2n Vi\u1ec7t d\u00e0nh nhi\u1ec1u n\u0103m \u0111i kh\u1eafp Vi\u1ec7t Nam ch\u1ee5p \u1ea3nh m\u00e2y v\u00e0 g\u1ecdi \u0111\u00e2y l\u00e0 &#8220;tr\u00f2 ch\u01a1i may r\u1ee7i&#8221;. Nhi\u1ebfp \u1ea3nh gia B\u00f9i Xu\u00e2n Vi\u1ec7t, s\u1ed1ng t\u1ea1i \u0110\u1ed3ng Nai, d\u00e0nh nhi\u1ec1u n\u0103m \u0111\u1ec3 th\u1ef1c hi\u1ec7n b\u1ed9 \u1ea3nh s\u0103n m\u00e2y kh\u1eafp Vi\u1ec7t Nam. Anh n\u00f3i s\u0103n m\u00e2y nh\u01b0 m\u1ed9t &#8220;tr\u00f2 ch\u01a1i<\/p><p class=\"wp-block-post-excerpt__more-text\"><a class=\"wp-block-post-excerpt__more-link\" href=\"https:\/\/www.giaphahonguyen.com\/vi\/2024\/07\/23\/san-may-o-khap-viet-nam\/\"><em>\u0110\u1ecdc ti\u1ebfp<\/em><\/a><\/p><\/div>\n\n\n<hr class=\"wp-block-separator has-css-opacity\"\/>\n\n<\/li><\/ul><\/div>","protected":false},"excerpt":{"rendered":"<p>TIN T\u1ee8C V\u00c0 S\u1ef0 KI\u1ec6N<\/p>","protected":false},"author":1,"featured_media":0,"parent":0,"menu_order":0,"comment_status":"closed","ping_status":"closed","template":"","meta":{"_uag_custom_page_level_css":"","footnotes":""},"class_list":["post-255","page","type-page","status-publish","hentry"],"uagb_featured_image_src":{"full":false,"thumbnail":false,"medium":false,"medium_large":false,"large":false,"1536x1536":false,"2048x2048":false,"trp-custom-language-flag":false,"twentyseventeen-featured-image":false,"twentyseventeen-thumbnail-avatar":false},"uagb_author_info":{"display_name":"ig1_ep2g7a","author_link":"https:\/\/www.giaphahonguyen.com\/vi\/author\/ig1_ep2g7a\/"},"uagb_comment_info":0,"uagb_excerpt":"TIN T\u1ee8C V\u00c0 S\u1ef0 KI\u1ec6N","_links":{"self":[{"href":"https:\/\/www.giaphahonguyen.com\/vi\/wp-json\/wp\/v2\/pages\/255","targetHints":{"allow":["GET"]}}],"collection":[{"href":"https:\/\/www.giaphahonguyen.com\/vi\/wp-json\/wp\/v2\/pages"}],"about":[{"href":"https:\/\/www.giaphahonguyen.com\/vi\/wp-json\/wp\/v2\/types\/page"}],"author":[{"embeddable":true,"href":"https:\/\/www.giaphahonguyen.com\/vi\/wp-json\/wp\/v2\/users\/1"}],"replies":[{"embeddable":true,"href":"https:\/\/www.giaphahonguyen.com\/vi\/wp-json\/wp\/v2\/comments?post=255"}],"version-history":[{"count":4,"href":"https:\/\/www.giaphahonguyen.com\/vi\/wp-json\/wp\/v2\/pages\/255\/revisions"}],"predecessor-version":[{"id":417,"href":"https:\/\/www.giaphahonguyen.com\/vi\/wp-json\/wp\/v2\/pages\/255\/revisions\/417"}],"wp:attachment":[{"href":"https:\/\/www.giaphahonguyen.com\/vi\/wp-json\/wp\/v2\/media?parent=255"}],"curies":[{"name":"wp","href":"https:\/\/api.w.org\/{rel}","templated":true}]}}