{"id":198,"date":"2024-07-14T05:00:13","date_gmt":"2024-07-14T05:00:13","guid":{"rendered":"https:\/\/giaphahonguyen.com\/?page_id=198"},"modified":"2024-07-19T07:21:10","modified_gmt":"2024-07-19T07:21:10","slug":"about-us","status":"publish","type":"page","link":"https:\/\/www.giaphahonguyen.com\/vi\/","title":{"rendered":"L\u1edcI T\u1ef0A"},"content":{"rendered":"<div class=\"wp-block-uagb-advanced-heading uagb-block-9e567e1c\"><h2 class=\"uagb-heading-text\"><strong>L\u1edcI GI\u1edaI THI\u1ec6U<\/strong><\/h2><\/div>\n\n\n\n<div class=\"wp-block-uagb-container uagb-block-b4da5f15 alignfull uagb-is-root-container\"><div class=\"uagb-container-inner-blocks-wrap\">\n<div class=\"wp-block-uagb-container uagb-block-4a2e2b33\">\n<p class=\"has-drop-cap\">B\u1ea3n s\u1eafc v\u0103n h\u00f3a d\u00e2n t\u1ed9c ch\u00ednh l\u00e0 gi\u00e1 tr\u1ecb c\u1ed1t l\u00f5i nh\u1ea5t c\u1ee7a n\u1ec1n v\u0103n h\u00f3a , th\u1ec3 hi\u1ec7n t\u00e2m h\u1ed3n, c\u1ed1t c\u00e1ch, t\u00ecnh c\u1ea3m, l\u00fd tr\u00ed, s\u1ee9c m\u1ea1nh c\u1ee7a d\u00e2n t\u1ed9c. Trong nh\u1eefng gi\u00e1 tr\u1ecb c\u1ed1t l\u00f5i \u0111\u00f3 c\u00f3 gia ph\u1ea3 d\u00f2ng t\u1ed9c. N\u00f3 l\u00e0 l\u1ecbch s\u1eed c\u1ee7a d\u00f2ng h\u1ecd, l\u00e0 di s\u1ea3n tinh th\u1ea7n thi\u00eang li\u00eang c\u1ee7a con ch\u00e1u \u0111\u01b0\u1ee3c l\u01b0u truy\u1ec1n t\u1eeb th\u1ebf h\u1ec7 n\u00e0y sang th\u1ebf h\u1ec7 kh\u00e1c, t\u1ea1o n\u00ean s\u1ef1 k\u1ebft n\u1ed1i gi\u1eefa c\u00e1c c\u1ed9ng \u0111\u1ed3ng ng\u01b0\u1eddi g\u1eafn b\u00f3 v\u00e0 \u0111o\u00e0n k\u1ebft v\u1edbi nhau \u0111\u1ec3 c\u00f9ng t\u1ed3n t\u1ea1i v\u00e0 ph\u00e1t tri\u1ec3n, V\u00ec v\u1eady, gi\u1eef g\u00ecn v\u00e0 ph\u00e1t tri\u1ec3n gia ph\u1ea3 d\u00f2ng t\u1ed9c l\u00e0 m\u1ed9t trong nh\u1eefng \u0111\u1ed9ng l\u1ef1c quan tr\u1ecdng nh\u1ea5t \u0111\u1ec3 \u0111\u1ea3m b\u1ea3o s\u1ef1 \u1ed5n \u0111\u1ecbnh v\u00e0 ph\u00e1t tri\u1ec3n b\u1ec1n v\u1eefng n\u1ec1n v\u0103n h\u00f3a d\u00e2n t\u1ed9c Vi\u1ec7t.<\/p>\n\n\n\n<p>D\u00f2ng h\u1ecd Nguy\u1ec5n l\u00e0 m\u1ed9t trong nh\u1eefng d\u00f2ng h\u1ecd \u0111\u1ea7u ti\u00ean \u0111\u1ebfn c\u01b0 ng\u1ee5 t\u1ea1i \u0111\u1ecba danh <em>B\u1ea7u Ch\u00e1nh Tr\u1ea1ch<\/em>. Bao \u0111\u1eddi nay, ng\u01b0\u1eddi d\u00e2n Ch\u00e1nh Tr\u1ea1ch lu\u00f4n t\u1ef1 h\u00e0o v\u00f9ng \u0111\u1ea5t s\u1ea3n sinh nh\u1eefng \u201ck\u1ef3 hoa d\u1ecb th\u1ea3o\u201d b\u00ed \u0111ao kh\u1ed5ng l\u1ed3 v\u00e0 n\u1ebfp ba th\u00e1ng th\u01a1m n\u1ee9c ti\u1ebfng. Ng\u01b0\u1eddi \u0111\u1ee9ng \u0111\u1ea7u d\u00f2ng h\u1ecd ta \u0111\u1ecbnh c\u01b0 v\u00e0 l\u1eadp nghi\u1ec7p \u1edf \u0111\u00e2y l\u00e0 c\u1ee5 <strong>T\u1ed5 \u00d4ng Nguy\u1ec5n L\u00e9n<\/strong> c\u00f9ng c\u1ee5 <strong>T\u1ed5 B\u00e0 Tr\u1ea7n Th\u1ecb Li\u1ec7u<\/strong>, r\u1ed3i d\u1ea7n d\u1ea7n ph\u00e1t tri\u1ec3n con ch\u00e1u m\u00e0 h\u00ecnh th\u00e0nh d\u00f2ng h\u1ecd ti\u1ebfp n\u1ed1i t\u1edbi nay.<\/p>\n\n\n\n<p>H\u1eb1ng n\u0103m con ch\u00e1u trong h\u1ecd nh\u1edb ng\u00e0y m\u1ea5t c\u1ee7a c\u1ee5 T\u1ed5 \u00d4ng l\u00e0 <strong>ng\u00e0y 24 th\u00e1ng 4<\/strong> (\u00e2m l\u1ecbch) v\u00e0 ng\u00e0y m\u1ea5t c\u1ee7a c\u1ee5 T\u1ed5 B\u00e0 l\u00e0 ( ng\u00e0y th\u00e1ng \u00e2m l\u1ecbch). Tuy nhi\u00ean. D\u00f9 th\u1ebf n\u00e0o \u0111i n\u1eefa th\u00ec th\u1ef1c t\u1ebf ch\u00fang ta kh\u00f4ng th\u1ec3 ph\u1ee7 nh\u1eadn m\u1ed9t \u0111i\u1ec1u l\u00e0 con ch\u00e1u ch\u01b0a c\u00f9ng nhau t\u1eadp trung t\u1ed5 ch\u1ee9c ng\u00e0y Hi\u1ec7p T\u1ebf, s\u1eeda l\u1ec5 v\u1eadt c\u00fang gi\u1ed7 t\u01b0\u1edfng nh\u1edb \u00e2n \u0111\u1ee9c T\u1ed5 Ti\u00ean.<\/p>\n\n\n\n<p>M\u1ed9t ng\u00e0n n\u0103m \u0111\u00f4 h\u1ed9 gi\u1eb7c T\u00e0u. M\u1ed9t tr\u0103m n\u0103m \u0111\u00f4 h\u1ed9 gi\u1eb7c T\u00e2y\u2026 \u0111\u00e2y l\u00e0 \u0111o\u1ea1n nh\u1ea1c r\u1ea5t hay t\u00f3m t\u1eafc c\u1ea3 d\u00f2ng l\u1ecbch s\u1eed Vi\u1ec7t Nam.<br>Nh\u00ecn l\u1ea1i d\u00f2ng l\u1ecbch s\u1eed Vi\u1ec7t Nam ta th\u1ea5y s\u1ed1 n\u0103m chi\u1ebfn tranh c\u00f2n d\u00e0i h\u01a1n s\u1ed1 n\u0103m \u0111\u1ea5t n\u01b0\u1edbc \u0111\u01b0\u1ee3c b\u00ecnh y\u00ean. H\u1ebft cu\u1ed9c chi\u1ebfn n\u00e0y \u0111\u1ebfn chinh chi\u1ebfn kh\u00e1c v\u00e0 \u0111\u1ea5t n\u01b0\u1edbc t\u1eebng tr\u1ea3i qua th\u1eddi k\u1ef3 \u0111au th\u01b0\u01a1ng ph\u00e2n chia Nam B\u1eafc, chi\u1ebfn tranh li\u00ean mi\u00ean \u0111\u1ea5t n\u01b0\u1edbc \u0111i\u00eau linh \u1edf n\u01a1i t\u1eadn c\u00f9ng c\u1ee7a \u0111au kh\u1ed5, c\u00f3 r\u1ea5t nhi\u1ec1u ng\u01b0\u1eddi ph\u1ea3i r\u1eddi xa n\u01a1i c\u01b0 tr\u00fa, l\u1ea9n tr\u00e1nh ph\u01b0\u01a1ng xa, thay t\u00ean \u0111\u1ed5i h\u1ecd \u0111\u1ec3 b\u1ea3o to\u00e0n gia \u0111\u00ecnh, d\u00f2ng h\u1ecd, m\u01b0u c\u1ea7u \u0111\u1ea1i s\u1ef1 v\u00e0 quang ph\u1ee5c l\u1ea1i qu\u00ea h\u01b0\u01a1ng. Ch\u00ednh s\u1ef1 ghi ch\u00e9p trong gia ph\u1ea3 l\u00e0 \u0111\u1ec3 con ch\u00e1u sau n\u00e0y c\u00f3 c\u01a1 s\u1edf \u0111\u1ec3 v\u1ec1 nh\u1eadn l\u1ea1i t\u1ed5 ti\u00ean.<\/p>\n\n\n\n<p>V\u1ec1 m\u1eb7t x\u00e3 h\u1ed9i, H\u1ecd ta c\u0169ng r\u1ea5t t\u1ef1 h\u00e0o. Tr\u00e3i qua h\u01a1n 300 n\u0103m v\u1edbi nhi\u1ec1u bi\u1ebfn \u0111\u1ed5i th\u1eddi cu\u1ed9c v\u1eabn h\u01b0ng th\u1ecbnh v\u00e0 tr\u01b0\u1eddng t\u1ed3n m\u00e3i v\u1edbi th\u1eddi gian. Trong t\u1ed9c \u0111\u00e3 c\u00f3 ng\u01b0\u1eddi th\u1ea1c s\u0129, b\u00e1c s\u0129, k\u1ef9 s\u01b0, nh\u00e0 gi\u00e1o, doanh nh\u00e2n, bu\u00f4n b\u00e1n v.v\u2026 c\u00f3 ng\u01b0\u1eddi l\u00e0 c\u00e1n b\u1ed9, c\u00f4ng ch\u1ee9c, vi\u00ean ch\u1ee9c nh\u00e0 n\u01b0\u1edbc, \u0111\u1ea3m nhi\u1ec7m nh\u1eefng ch\u1ee9c danh \u0111\u01b0\u1ee3c nh\u00e0 n\u01b0\u1edbc v\u00e0 qu\u1ea7n ch\u00fang nh\u00e2n d\u00e2n t\u00edn nhi\u1ec7m, \u0111\u00f3ng g\u00f3p v\u00e0o s\u1ef1 nghi\u1ec7p chung c\u1ee7a qu\u00ea h\u01b0\u01a1ng \u0111\u1ea5t n\u01b0\u1edbc.<\/p>\n\n\n\n<p>Vi\u1ec7c l\u1eadp GIA PH\u1ea2 \u0111\u1ec3 bi\u1ebft t\u1ed5 ti\u00ean d\u00f2ng t\u1ed9c, h\u1ecd h\u00e0ng anh em, b\u00e0 con xa g\u1ea7n \u0111\u1ec3 c\u00f2n nh\u1eadn bi\u1ebft nhau tr\u00e1nh cho anh em con ch\u00e1u kh\u1ecfi c\u01b0\u1edbi h\u1ecfi l\u1eabn nhau, bi\u1ebft \u0111\u01b0\u1ee3c t\u00ean c\u1ee7a ng\u01b0\u1eddi ti\u1ec1n nh\u00e2n \u0111\u1ec3 sau \u0111\u1eb7t t\u00ean cho con c\u00e1i kh\u1ecfi tr\u00f9ng v\u00e0 tr\u00e1nh \u0111\u01b0\u1ee3c nhi\u1ec1u \u0111i\u1ec1u \u0111\u00e1ng ti\u1ebfc trong Gia t\u1ed9c.<\/p>\n\n\n\n<p>Vi\u1ec7c x\u00e2y d\u1ef1ng gia ph\u1ea3 trong \u0111i\u1ec1u ki\u1ec7n kh\u00f4ng c\u00f3 gia ph\u1ea3 g\u1ed1c l\u00e0 m\u1ed9t vi\u1ec7c l\u00e0m r\u1ea5t kh\u00f3 kh\u0103n, ch\u00fang t\u00f4i \u0111\u00e3 l\u00e0m vi\u1ec7c t\u1eadn t\u00e2m, nghi\u00eam t\u00fac v\u1edbi l\u00f2ng k\u00ednh tr\u1ecdng v\u00e0 \u00fd th\u1ee9c tr\u00e1ch nhi\u1ec7m c\u1ee7a b\u1eadc con ch\u00e1u trong d\u00f2ng h\u1ecd v\u1edbi T\u1ed5 Ti\u00ean, nh\u01b0ng nh\u1eefng t\u01b0 li\u1ec7u qu\u00fd \u0111\u00e3 b\u1ecb th\u1ea5t l\u1ea1c nhi\u1ec1u, ch\u1eafc ch\u1eafn kh\u00f4ng tr\u00e1nh kh\u1ecfi nh\u1eefng thi\u1ebfu s\u00f3t. \u0110\u1ec3 \u0111\u1ea3m b\u1ea3o t\u00ednh k\u1ebf th\u1eeba li\u00ean t\u1ee5c truy\u1ec1n th\u1ed1ng t\u1ed1t \u0111\u1eb9p c\u1ee7a T\u1ed5 Ti\u00ean; Cu\u1ed1n gia ph\u1ea3 c\u00f3 t\u00ednh l\u1ecbch s\u1eed n\u00e0y d\u1eabu ch\u01b0a th\u1eadt \u0111\u1ea7y \u0111\u1ee7, nh\u01b0ng l\u00e0 c\u01a1 s\u1edf \u0111\u1ec3 con ch\u00e1u t\u00ecm v\u1ec1 c\u1ed9i ngu\u1ed3n, mong t\u1ea5t c\u1ea3 th\u00e0nh vi\u00ean trong gia t\u1ed9c v\u1edbi t\u00e2m huy\u1ebft c\u1ee7a m\u00ecnh ti\u1ebfp n\u1ed1i c\u00e1c \u0111\u1eddi sau b\u1ed5 sung \u0111\u01b0\u1ee3c ho\u00e0n ch\u1ec9nh.<\/p>\n<\/div>\n\n\n\n<div class=\"wp-block-uagb-container uagb-block-930ffc90\">\n<div class=\"wp-block-uagb-container uagb-block-3a8df6ad\"><\/div>\n\n\n\n<div class=\"wp-block-uagb-container uagb-block-e77f8803\">\n<p class=\"has-text-align-center\">C\u00e1t t\u01b0\u1eddng, ng\u00e0y 17 th\u00e1ng 7 n\u0103m 2024<br>TM gia t\u1ed9c<br>Ch\u00e1u \u0111\u1eddi th\u1ee9 5<br><strong>Nguy\u1ec5n \u0110\u00ecnh Sang<\/strong><\/p>\n<\/div>\n<\/div>\n<\/div><\/div>\n\n\n\n<div style=\"height:100px\" aria-hidden=\"true\" class=\"wp-block-spacer\"><\/div>","protected":false},"excerpt":{"rendered":"<p>L\u1edcI GI\u1edaI THI\u1ec6U B\u1ea3n s\u1eafc v\u0103n h\u00f3a d\u00e2n t\u1ed9c ch\u00ednh l\u00e0 gi\u00e1 tr\u1ecb c\u1ed1t l\u00f5i nh\u1ea5t c\u1ee7a n\u1ec1n v\u0103n h\u00f3a , th\u1ec3 hi\u1ec7n t\u00e2m h\u1ed3n, c\u1ed1t c\u00e1ch, t\u00ecnh c\u1ea3m, l\u00fd tr\u00ed, s\u1ee9c m\u1ea1nh c\u1ee7a d\u00e2n t\u1ed9c. Trong nh\u1eefng gi\u00e1 tr\u1ecb c\u1ed1t l\u00f5i \u0111\u00f3 c\u00f3 gia ph\u1ea3 d\u00f2ng t\u1ed9c. N\u00f3 l\u00e0 l\u1ecbch s\u1eed c\u1ee7a d\u00f2ng h\u1ecd, &hellip; <\/p>\n<p class=\"link-more\"><a href=\"https:\/\/www.giaphahonguyen.com\/vi\/\" class=\"more-link\">\u0110\u1ecdc ti\u1ebfp<span class=\"screen-reader-text\"> &#8220;ABOUT US&#8221;<\/span><\/a><\/p>","protected":false},"author":1,"featured_media":339,"parent":0,"menu_order":0,"comment_status":"closed","ping_status":"closed","template":"","meta":{"_uag_custom_page_level_css":"","footnotes":""},"class_list":["post-198","page","type-page","status-publish","has-post-thumbnail","hentry"],"uagb_featured_image_src":{"full":["https:\/\/www.giaphahonguyen.com\/wp-content\/uploads\/2024\/07\/bg-09.jpg",2000,1125,false],"thumbnail":["https:\/\/www.giaphahonguyen.com\/wp-content\/uploads\/2024\/07\/bg-09-150x150.jpg",150,150,true],"medium":["https:\/\/www.giaphahonguyen.com\/wp-content\/uploads\/2024\/07\/bg-09-300x169.jpg",300,169,true],"medium_large":["https:\/\/www.giaphahonguyen.com\/wp-content\/uploads\/2024\/07\/bg-09-768x432.jpg",525,295,true],"large":["https:\/\/www.giaphahonguyen.com\/wp-content\/uploads\/2024\/07\/bg-09-1024x576.jpg",525,295,true],"1536x1536":["https:\/\/www.giaphahonguyen.com\/wp-content\/uploads\/2024\/07\/bg-09-1536x864.jpg",1536,864,true],"2048x2048":["https:\/\/www.giaphahonguyen.com\/wp-content\/uploads\/2024\/07\/bg-09.jpg",2000,1125,false],"trp-custom-language-flag":["https:\/\/www.giaphahonguyen.com\/wp-content\/uploads\/2024\/07\/bg-09-18x10.jpg",18,10,true],"twentyseventeen-featured-image":["https:\/\/www.giaphahonguyen.com\/wp-content\/uploads\/2024\/07\/bg-09.jpg",2000,1125,false],"twentyseventeen-thumbnail-avatar":["https:\/\/www.giaphahonguyen.com\/wp-content\/uploads\/2024\/07\/bg-09-100x100.jpg",100,100,true]},"uagb_author_info":{"display_name":"ig1_ep2g7a","author_link":"https:\/\/www.giaphahonguyen.com\/vi\/author\/ig1_ep2g7a\/"},"uagb_comment_info":0,"uagb_excerpt":"L\u1edcI GI\u1edaI THI\u1ec6U B\u1ea3n s\u1eafc v\u0103n h\u00f3a d\u00e2n t\u1ed9c ch\u00ednh l\u00e0 gi\u00e1 tr\u1ecb c\u1ed1t l\u00f5i nh\u1ea5t c\u1ee7a n\u1ec1n v\u0103n h\u00f3a , th\u1ec3 hi\u1ec7n t\u00e2m h\u1ed3n, c\u1ed1t c\u00e1ch, t\u00ecnh c\u1ea3m, l\u00fd tr\u00ed, s\u1ee9c m\u1ea1nh c\u1ee7a d\u00e2n t\u1ed9c. Trong nh\u1eefng gi\u00e1 tr\u1ecb c\u1ed1t l\u00f5i \u0111\u00f3 c\u00f3 gia ph\u1ea3 d\u00f2ng t\u1ed9c. N\u00f3 l\u00e0 l\u1ecbch s\u1eed c\u1ee7a d\u00f2ng h\u1ecd,&hellip;","_links":{"self":[{"href":"https:\/\/www.giaphahonguyen.com\/vi\/wp-json\/wp\/v2\/pages\/198","targetHints":{"allow":["GET"]}}],"collection":[{"href":"https:\/\/www.giaphahonguyen.com\/vi\/wp-json\/wp\/v2\/pages"}],"about":[{"href":"https:\/\/www.giaphahonguyen.com\/vi\/wp-json\/wp\/v2\/types\/page"}],"author":[{"embeddable":true,"href":"https:\/\/www.giaphahonguyen.com\/vi\/wp-json\/wp\/v2\/users\/1"}],"replies":[{"embeddable":true,"href":"https:\/\/www.giaphahonguyen.com\/vi\/wp-json\/wp\/v2\/comments?post=198"}],"version-history":[{"count":10,"href":"https:\/\/www.giaphahonguyen.com\/vi\/wp-json\/wp\/v2\/pages\/198\/revisions"}],"predecessor-version":[{"id":356,"href":"https:\/\/www.giaphahonguyen.com\/vi\/wp-json\/wp\/v2\/pages\/198\/revisions\/356"}],"wp:featuredmedia":[{"embeddable":true,"href":"https:\/\/www.giaphahonguyen.com\/vi\/wp-json\/wp\/v2\/media\/339"}],"wp:attachment":[{"href":"https:\/\/www.giaphahonguyen.com\/vi\/wp-json\/wp\/v2\/media?parent=198"}],"curies":[{"name":"wp","href":"https:\/\/api.w.org\/{rel}","templated":true}]}}