{"id":452,"date":"2024-08-13T09:45:04","date_gmt":"2024-08-13T02:45:04","guid":{"rendered":"https:\/\/www.giaphahonguyen.com\/rootspersona-tree\/xuan-to-thi-bich\/"},"modified":"2024-08-13T09:45:04","modified_gmt":"2024-08-13T02:45:04","slug":"xuan-to-thi-bich","status":"publish","type":"page","link":"https:\/\/www.giaphahonguyen.com\/en_us\/rootspersona-tree\/xuan-to-thi-bich\/","title":{"rendered":"Xu\u00e2n T\u00f4 Th\u1ecb B\u00edch"},"content":{"rendered":"<section class=\"rp_truncate\"><div class=\"rp_header\" itemscope itemtype=\"https:\/\/schema.org\/Person\"><meta itemprop=\"gender\" content=\"F\"\/><div float:left;\"><a href=\"https:\/\/www.giaphahonguyen.com\/wp-content\/plugins\/rootspersona\/\/images\/girl-silhouette.gif\"><img decoding=\"async\" class=\"rp_headerbox\" src=\"https:\/\/www.giaphahonguyen.com\/wp-content\/plugins\/rootspersona\/\/images\/girl-silhouette.gif\" style='border-color:#7a7122 !important;'\/><\/a><\/div><div class=\"rp_headerbox\"><span class=\"rp_headerbox\" id=\"hdr_name\" itemprop=\"name\">Xu\u00e2n T\u00f4 Th\u1ecb B\u00edch<\/span><span class=\"rp_headerbox\" style=\"padding-left:15px;text-align:right;color:#EBDDE2;display:none;\">100018<\/span><br\/>b: <span itemprop=\"birth\" itemscope itemtype=\"https:\/\/schema.org\/Event\"><\/span><br\/>d: <span itemprop=\"death\" itemscope itemtype=\"https:\/\/schema.org\/Event\"><\/span><\/div><\/div><\/section><section class=\"rp_truncate\"><div class=\"rp_banner\" style=\"color:#7a7122;background-image:none;background-color:#e5e4e3;\" >Ancestors<\/div><div class=\"rp_ancestors\"><table cellpadding=\"0\" cellspacing=\"0\" class=\"ancestors\"><tbody><tr><td colspan=\"2\" rowspan=\"6\">&#160;<\/td><td colspan=\"3\" rowspan=\"2\">&#160;<\/td><td>&#160;<\/td><td rowspan=\"2\" class=\"rp_nameBox\" style=\"border-color:#7a7122 !important\"><div class=\"nospace\" itemscope itemtype=\"https:\/\/schema.org\/Person\"><meta itemprop=\"gender\" content=\"U\"\/><span class=\"nospace\" id=\"anc0_name\" itemprop=\"name\">?<\/span><br\/><\/div><\/td><\/tr><tr><td class=\"rp_topleft\" style=\"border-color:#7a7122 !important\">&#160;<\/td><\/tr><tr><td>&#160;<\/td><td rowspan=\"2\" class=\"rp_nameBox\" style=\"border-color:#7a7122 !important\"><div class=\"nospace\" itemscope itemtype=\"https:\/\/schema.org\/Person\"><meta itemprop=\"gender\" content=\"M\"\/><a href=\"https:\/\/www.giaphahonguyen.com\/en_us?page_id=163\"><span class=\"nospace\" id=\"ancI102586278754_name\" itemprop=\"name\">Th\u1ecd  T\u00f4  \u0110\u00ecnh<\/span><\/a><br\/><span itemprop=\"birth\" itemscope itemtype=\"https:\/\/schema.org\/Event\"><\/span> - <span itemprop=\"death\" itemscope itemtype=\"https:\/\/schema.org\/Event\"><\/span><\/div><\/td><td class=\"rp_bottom\" style=\"border-color:#7a7122 !important\">&#160;<\/td><td colspan=\"2\" rowspan=\"2\" class=\"rp_left\" style=\"border-color:#7a7122 !important\">&#160;<\/td><\/tr><tr><td class=\"rp_topleft\" style=\"border-color:#7a7122 !important\">&#160;<\/td><td>&#160;<\/td><\/tr><tr><td colspan=\"3\" rowspan=\"6\" class=\"rp_left\" style=\"border-color:#7a7122 !important\">&#160;<\/td><td class=\"rp_leftbottom\" style=\"border-color:#7a7122 !important\">&#160;<\/td><td rowspan=\"2\" class=\"rp_nameBox\" style=\"border-color:#7a7122 !important\"><div class=\"nospace\" itemscope itemtype=\"https:\/\/schema.org\/Person\"><meta itemprop=\"gender\" content=\"U\"\/><span class=\"nospace\" id=\"anc0_name\" itemprop=\"name\">?<\/span><br\/><\/div><\/td><\/tr><tr><td>&#160;<\/td><\/tr><tr><td rowspan=\"2\" class=\"rp_nameBox\" style=\"border-color:#7a7122 !important\"><div class=\"nospace\" itemscope itemtype=\"https:\/\/schema.org\/Person\"><meta itemprop=\"gender\" content=\"F\"\/><a href=\"https:\/\/www.giaphahonguyen.com\/en_us?page_id=452\"><span class=\"nospace\" id=\"anc100018_name\" itemprop=\"name\">Xu\u00e2n T\u00f4 Th\u1ecb B\u00edch<\/span><\/a><br\/><span itemprop=\"birth\" itemscope itemtype=\"https:\/\/schema.org\/Event\"><\/span> - <span itemprop=\"death\" itemscope itemtype=\"https:\/\/schema.org\/Event\"><\/span><\/div><\/td><td class=\"rp_bottom\" style=\"border-color:#7a7122 !important\">&#160;<\/td><td colspan=\"2\" rowspan=\"2\">&#160;<\/td><\/tr><tr><td>&#160;<\/td><\/tr><tr><td colspan=\"2\" rowspan=\"6\">&#160;<\/td><td>&#160;<\/td><td rowspan=\"2\" class=\"rp_nameBox\" style=\"border-color:#7a7122 !important\"><div class=\"nospace\" itemscope itemtype=\"https:\/\/schema.org\/Person\"><meta itemprop=\"gender\" content=\"M\"\/><a href=\"https:\/\/www.giaphahonguyen.com\/en_us?page_id=44\"><span class=\"nospace\" id=\"ancI102585432052_name\" itemprop=\"name\">Ch\u1eabn Nguy\u1ec5n<\/span><\/a><br\/><span itemprop=\"birth\" itemscope itemtype=\"https:\/\/schema.org\/Event\"><span itemprop=\"startDate\" content=\"1904\">1904<\/span><\/span> - <span itemprop=\"death\" itemscope itemtype=\"https:\/\/schema.org\/Event\"><span itemprop=\"startDate\" content=\"1983\">1983<\/span><\/span><\/div><\/td><\/tr><tr><td class=\"rp_topleft\" style=\"border-color:#7a7122 !important\">&#160;<\/td><\/tr><tr><td class=\"rp_leftbottom\" style=\"border-color:#7a7122 !important\">&#160;<\/td><td rowspan=\"2\" class=\"rp_nameBox\" style=\"border-color:#7a7122 !important\"><div class=\"nospace\" itemscope itemtype=\"https:\/\/schema.org\/Person\"><meta itemprop=\"gender\" content=\"F\"\/><a href=\"https:\/\/www.giaphahonguyen.com\/en_us?page_id=70\"><span class=\"nospace\" id=\"ancI102585433605_name\" itemprop=\"name\">L\u1ed9c  Nguy\u1ec5n  Th\u1ecb<\/span><\/a><br\/><span itemprop=\"birth\" itemscope itemtype=\"https:\/\/schema.org\/Event\"><\/span> - <span itemprop=\"death\" itemscope itemtype=\"https:\/\/schema.org\/Event\"><\/span><\/div><\/td><td class=\"rp_bottom\" style=\"border-color:#7a7122 !important\">&#160;<\/td><td colspan=\"2\" rowspan=\"2\" class=\"rp_left\" style=\"border-color:#7a7122 !important\">&#160;<\/td><\/tr><tr><td>&#160;<\/td><td>&#160;<\/td><\/tr><tr><td colspan=\"3\" rowspan=\"2\">&#160;<\/td><td class=\"rp_leftbottom\" style=\"border-color:#7a7122 !important\">&#160;<\/td><td rowspan=\"2\" class=\"rp_nameBox\" style=\"border-color:#7a7122 !important\"><div class=\"nospace\" itemscope itemtype=\"https:\/\/schema.org\/Person\"><meta itemprop=\"gender\" content=\"F\"\/><a href=\"https:\/\/www.giaphahonguyen.com\/en_us?page_id=84\"><span class=\"nospace\" id=\"ancI102585433475_name\" itemprop=\"name\">Ph\u1ea5n  Nguy\u1ec5n  Th\u1ecb<\/span><\/a><br\/><span itemprop=\"birth\" itemscope itemtype=\"https:\/\/schema.org\/Event\"><\/span> - <span itemprop=\"death\" itemscope itemtype=\"https:\/\/schema.org\/Event\"><\/span><\/div><\/td><\/tr><tr><td>&#160;<\/td><\/tr><\/tbody><\/table><\/div><\/section><section class=\"rp_truncate\"><div class=\"rp_banner\" style=\"color:#7a7122;background-image:none;background-color:#e5e4e3;\" >Family Group Sheet - Child<\/div><div class=\"rp_family\"><table class=\"familygroup\" style=\"border-color:#7a7122 !important\" itemscope itemtype=\"https:\/\/schema.org\/Family\"><tbody><tr id=\"c0pI102586278754\" itemprop=\"parents\" itemscope itemtype=\"https:\/\/schema.org\/Person\"><td class=\"full\" colspan=\"4\" style=\"color:black;background-image:none;background-color:#efeeed !important;border-color:#7a7122 !important\">PARENT (<span itemprop=\"gender\">M<\/span>) <a href=\"https:\/\/www.giaphahonguyen.com\/en_us?page_id=163\" itemprop=\"name\">Th\u1ecd  T\u00f4  \u0110\u00ecnh<\/a><span itemprop=\"birth\" itemscope itemtype=\"https:\/\/schema.org\/Event\" itemref=\"c0pI102586278754_bdate c0pI102586278754_bloc\"><\/span><span itemprop=\"death\" itemscope itemtype=\"https:\/\/schema.org\/Event\" itemref=\"c0pI102586278754_ddate c0pI102586278754_dloc\"><\/span><span itemprop=\"marriages\" itemscope itemtype=\"https:\/\/schema.org\/Event\" itemref=\"c0pI102586278754_mdate c0pI102586278754_mloc\"><\/span><span itemprop=\"parents\" itemscope itemtype=\"https:\/\/schema.org\/Person\" itemref=\"c0pI102586278754_father\"><\/span><span itemprop=\"parents\" itemscope itemtype=\"https:\/\/schema.org\/Person\" itemref=\"c0pI102586278754_mother\"><\/span><\/td><\/tr><tr id=\"c0pI102586278754_birth\"><td class=\"inset\" rowspan=\"5\" style=\"color:black;background-image:none;background-color:#efeeed !important;border-color:#7a7122 !important\" ><td class=\"label\" style=\"border-color:#7a7122 !important\">Birth<\/td><td id=\"c0pI102586278754_bdate\" itemprop=\"startDate\" class=\"rp_date\" style=\"border-color:#7a7122 !important\"><\/td><td id=\"c0pI102586278754_bloc\" itemprop=\"location\" itemscope itemtype=\"http:\/\/schema.org\/Place\" class=\"notes\" style=\"border-color:#7a7122 !important\"><span itemprop=\"name\">Binh Dinh, Vietnam<\/span><\/td><\/tr><tr id=\"c0pI102586278754_death\"><td class=\"label\" style=\"border-color:#7a7122 !important\">Death<\/td><td id=\"c0pI102586278754_ddate\" itemprop=\"startDate\" class=\"rp_date\" style=\"border-color:#7a7122 !important\"> <\/td><td id=\"c0pI102586278754_dloc\" itemprop=\"location\" itemscope itemtype=\"http:\/\/schema.org\/Place\" class=\"notes\" style=\"border-color:#7a7122 !important\"><span itemprop=\"name\"><\/span><\/td><\/tr><tr id=\"c0pI1025862787540_marriage\"><td class=\"label\" style=\"border-color:#7a7122 !important\">Marriage<\/td><td id=\"c0pI1025862787540_mdate\" class=\"rp_date\" style=\"border-color:#7a7122 !important\" itemprop=\"startDate\"><\/td><td class=\"notes\" style=\"border-color:#7a7122 !important\">to <a href=\"https:\/\/www.giaphahonguyen.com\/en_us?page_id=70\" itemprop=\"attendees\" itemscope itemtype=\"https:\/\/schema.org\/Person\"><span itemprop=\"name\">L\u1ed9c  Nguy\u1ec5n  Th\u1ecb<\/span><\/a> <span  id=\"c0pI1025862787540_mloc\" itemprop=\"location\" itemscope itemtype=\"http:\/\/schema.org\/Place\"><span itemprop=\"name\"><\/span><\/span><\/td><\/tr><tr id=\"c0pI102586278754_father\"><td class=\"label\" style=\"border-color:#7a7122 !important\">Father<\/td><td class=\"parent\" colspan=\"2\" style=\"border-color:#7a7122 !important\"><a href=\"https:\/\/www.giaphahonguyen.com\/en_us?page_id=452\" itemprop=\"name\">?<\/a><\/td><\/tr><tr id=\"c0pI102586278754_mother\"><td class=\"label\" style=\"border-color:#7a7122 !important\">Mother<\/td><td class=\"parent\" colspan=\"2\" style=\"border-color:#7a7122 !important\"><a href=\"https:\/\/www.giaphahonguyen.com\/en_us?page_id=452\" itemprop=\"name\">?<\/a><\/td><\/tr><tr id=\"c0mI102585433605\" itemprop=\"parents\" itemscope itemtype=\"https:\/\/schema.org\/Person\"><td class=\"full\" colspan=\"4\" style=\"color:black;background-image:none;background-color:#efeeed !important;border-color:#7a7122 !important\">PARENT (<span itemprop=\"gender\">F<\/span>) <a href=\"https:\/\/www.giaphahonguyen.com\/en_us?page_id=70\" itemprop=\"name\">L\u1ed9c  Nguy\u1ec5n  Th\u1ecb<\/a><span itemprop=\"birth\" itemscope itemtype=\"https:\/\/schema.org\/Event\" itemref=\"c0mI102585433605_bdate c0mI102585433605_bloc\"><\/span><span itemprop=\"death\" itemscope itemtype=\"https:\/\/schema.org\/Event\" itemref=\"c0mI102585433605_ddate c0mI102585433605_dloc\"><\/span><span itemprop=\"marriages\" itemscope itemtype=\"https:\/\/schema.org\/Event\" itemref=\"c0mI102585433605_mdate c0mI102585433605_mloc\"><\/span><span itemprop=\"parents\" itemscope itemtype=\"https:\/\/schema.org\/Person\" itemref=\"c0mI102585433605_father\"><\/span><span itemprop=\"parents\" itemscope itemtype=\"https:\/\/schema.org\/Person\" itemref=\"c0mI102585433605_mother\"><\/span><\/td><\/tr><tr id=\"c0mI102585433605_birth\"><td class=\"inset\" rowspan=\"5\" style=\"color:black;background-image:none;background-color:#efeeed !important;border-color:#7a7122 !important\" ><td class=\"label\" style=\"border-color:#7a7122 !important\">Birth<\/td><td id=\"c0mI102585433605_bdate\" itemprop=\"startDate\" class=\"rp_date\" style=\"border-color:#7a7122 !important\"><\/td><td id=\"c0mI102585433605_bloc\" itemprop=\"location\" itemscope itemtype=\"http:\/\/schema.org\/Place\" class=\"notes\" style=\"border-color:#7a7122 !important\"><span itemprop=\"name\"><\/span><\/td><\/tr><tr id=\"c0mI102585433605_death\"><td class=\"label\" style=\"border-color:#7a7122 !important\">Death<\/td><td id=\"c0mI102585433605_ddate\" itemprop=\"startDate\" class=\"rp_date\" style=\"border-color:#7a7122 !important\"> <\/td><td id=\"c0mI102585433605_dloc\" itemprop=\"location\" itemscope itemtype=\"http:\/\/schema.org\/Place\" class=\"notes\" style=\"border-color:#7a7122 !important\"><span itemprop=\"name\"><\/span><\/td><\/tr><tr id=\"c0mI1025854336050_marriage\"><td class=\"label\" style=\"border-color:#7a7122 !important\">Marriage<\/td><td id=\"c0mI1025854336050_mdate\" class=\"rp_date\" style=\"border-color:#7a7122 !important\" itemprop=\"startDate\"><\/td><td class=\"notes\" style=\"border-color:#7a7122 !important\">to <a href=\"https:\/\/www.giaphahonguyen.com\/en_us?page_id=163\" itemprop=\"attendees\" itemscope itemtype=\"https:\/\/schema.org\/Person\"><span itemprop=\"name\">Th\u1ecd  T\u00f4  \u0110\u00ecnh<\/span><\/a> <span  id=\"c0mI1025854336050_mloc\" itemprop=\"location\" itemscope itemtype=\"http:\/\/schema.org\/Place\"><span itemprop=\"name\"><\/span><\/span><\/td><\/tr><tr id=\"c0mI102585433605_father\"><td class=\"label\" style=\"border-color:#7a7122 !important\">Father<\/td><td class=\"parent\" colspan=\"2\" style=\"border-color:#7a7122 !important\"><a href=\"https:\/\/www.giaphahonguyen.com\/en_us?page_id=44\" itemprop=\"name\">Ch\u1eabn Nguy\u1ec5n<\/a><\/td><\/tr><tr id=\"c0mI102585433605_mother\"><td class=\"label\" style=\"border-color:#7a7122 !important\">Mother<\/td><td class=\"parent\" colspan=\"2\" style=\"border-color:#7a7122 !important\"><a href=\"https:\/\/www.giaphahonguyen.com\/en_us?page_id=84\" itemprop=\"name\">Ph\u1ea5n  Nguy\u1ec5n  Th\u1ecb<\/a><\/td><\/tr><tr><td class=\"full\" colspan=\"4\" style=\"color:black;background-image:none;background-color:#efeeed !important;border-color:#7a7122 !important\">CHILDREN<\/td><\/tr><tr id=\"c0c0100018\" itemprop=\"children\" itemscope itemtype=\"https:\/\/schema.org\/Person\"><td class=\"gender\" style=\"color:black;background-image:none;background-color:#efeeed !important;border-color:#7a7122 !important\" itemprop=\"gender\">F<\/td><td class=\"child\" colspan=\"3\" style=\"color:black;background-image:none;background-color:#efeeed !important;border-color:#7a7122 !important\"><a href=\"https:\/\/www.giaphahonguyen.com\/en_us?page_id=452\" itemprop=\"name\">Xu\u00e2n T\u00f4 Th\u1ecb B\u00edch<\/a><span itemprop=\"birth\" itemscope itemtype=\"https:\/\/schema.org\/Event\" itemref=\"c0c0100018_bdate c0c0100018_bloc\"><\/span><span itemprop=\"death\" itemscope itemtype=\"https:\/\/schema.org\/Event\" itemref=\"c0c0100018_ddate c0c0100018_dloc\"><\/span><span itemprop=\"marriages\" itemscope itemtype=\"https:\/\/schema.org\/Event\" itemref=\"c0c0100018_mdate c0c0100018_mloc\"><\/span><\/td><\/tr><tr id=\"c0c0100018_birth\"><td class=\"inset\" rowspan=\"2\" style=\"color:black;background-image:none;background-color:#efeeed !important;border-color:#7a7122 !important\"\/><td class=\"label\" style=\"border-color:#7a7122 !important\">Birth<\/td><td id=\"c0c0100018_bdate\" itemprop=\"startDate\" class=\"rp_date\" style=\"border-color:#7a7122 !important\"><\/td><td id=\"c0c0100018_bloc\" itemprop=\"location\" itemscope itemtype=\"http:\/\/schema.org\/Place\" class=\"notes\" style=\"border-color:#7a7122 !important\"><span itemprop=\"name\"><\/span><\/td><\/tr><tr id=\"c0c0100018_death\"><td class=\"label\" style=\"border-color:#7a7122 !important\">Death<\/td><td id=\"c0c0100018_ddate\" itemprop=\"startDate\" class=\"rp_date\" style=\"border-color:#7a7122 !important\"><\/td><td id=\"c0c0100018_dloc\" itemprop=\"location\" itemscope itemtype=\"http:\/\/schema.org\/Place\" class=\"notes\" style=\"border-color:#7a7122 !important\"><span itemprop=\"name\"><\/span><\/td><\/tr><tr id=\"c0c1100019\" itemprop=\"children\" itemscope itemtype=\"https:\/\/schema.org\/Person\"><td class=\"gender\" style=\"color:black;background-image:none;background-color:#efeeed !important;border-color:#7a7122 !important\" itemprop=\"gender\">M<\/td><td class=\"child\" colspan=\"3\" style=\"color:black;background-image:none;background-color:#efeeed !important;border-color:#7a7122 !important\"><a href=\"https:\/\/www.giaphahonguyen.com\/en_us?page_id=453\" itemprop=\"name\">Minh T\u00f4 V\u0103n<\/a><span itemprop=\"birth\" itemscope itemtype=\"https:\/\/schema.org\/Event\" itemref=\"c0c1100019_bdate c0c1100019_bloc\"><\/span><span itemprop=\"death\" itemscope itemtype=\"https:\/\/schema.org\/Event\" itemref=\"c0c1100019_ddate c0c1100019_dloc\"><\/span><span itemprop=\"marriages\" itemscope itemtype=\"https:\/\/schema.org\/Event\" itemref=\"c0c1100019_mdate c0c1100019_mloc\"><\/span><\/td><\/tr><tr id=\"c0c1100019_birth\"><td class=\"inset\" rowspan=\"2\" style=\"color:black;background-image:none;background-color:#efeeed !important;border-color:#7a7122 !important\"\/><td class=\"label\" style=\"border-color:#7a7122 !important\">Birth<\/td><td id=\"c0c1100019_bdate\" itemprop=\"startDate\" class=\"rp_date\" style=\"border-color:#7a7122 !important\"><\/td><td id=\"c0c1100019_bloc\" itemprop=\"location\" itemscope itemtype=\"http:\/\/schema.org\/Place\" class=\"notes\" style=\"border-color:#7a7122 !important\"><span itemprop=\"name\"><\/span><\/td><\/tr><tr id=\"c0c1100019_death\"><td class=\"label\" style=\"border-color:#7a7122 !important\">Death<\/td><td id=\"c0c1100019_ddate\" itemprop=\"startDate\" class=\"rp_date\" style=\"border-color:#7a7122 !important\"><\/td><td id=\"c0c1100019_dloc\" itemprop=\"location\" itemscope itemtype=\"http:\/\/schema.org\/Place\" class=\"notes\" style=\"border-color:#7a7122 !important\"><span itemprop=\"name\"><\/span><\/td><\/tr><tr id=\"c0c2100020\" itemprop=\"children\" itemscope itemtype=\"https:\/\/schema.org\/Person\"><td class=\"gender\" style=\"color:black;background-image:none;background-color:#efeeed !important;border-color:#7a7122 !important\" itemprop=\"gender\">F<\/td><td class=\"child\" colspan=\"3\" style=\"color:black;background-image:none;background-color:#efeeed !important;border-color:#7a7122 !important\"><a href=\"https:\/\/www.giaphahonguyen.com\/en_us?page_id=454\" itemprop=\"name\">H\u1eb1ng T\u00f4 Th\u1ecb<\/a><span itemprop=\"birth\" itemscope itemtype=\"https:\/\/schema.org\/Event\" itemref=\"c0c2100020_bdate c0c2100020_bloc\"><\/span><span itemprop=\"death\" itemscope itemtype=\"https:\/\/schema.org\/Event\" itemref=\"c0c2100020_ddate c0c2100020_dloc\"><\/span><span itemprop=\"marriages\" itemscope itemtype=\"https:\/\/schema.org\/Event\" itemref=\"c0c2100020_mdate c0c2100020_mloc\"><\/span><\/td><\/tr><tr id=\"c0c2100020_birth\"><td class=\"inset\" rowspan=\"2\" style=\"color:black;background-image:none;background-color:#efeeed !important;border-color:#7a7122 !important\"\/><td class=\"label\" style=\"border-color:#7a7122 !important\">Birth<\/td><td id=\"c0c2100020_bdate\" itemprop=\"startDate\" class=\"rp_date\" style=\"border-color:#7a7122 !important\"><\/td><td id=\"c0c2100020_bloc\" itemprop=\"location\" itemscope itemtype=\"http:\/\/schema.org\/Place\" class=\"notes\" style=\"border-color:#7a7122 !important\"><span itemprop=\"name\"><\/span><\/td><\/tr><tr id=\"c0c2100020_death\"><td class=\"label\" style=\"border-color:#7a7122 !important\">Death<\/td><td id=\"c0c2100020_ddate\" itemprop=\"startDate\" class=\"rp_date\" style=\"border-color:#7a7122 !important\"><\/td><td id=\"c0c2100020_dloc\" itemprop=\"location\" itemscope itemtype=\"http:\/\/schema.org\/Place\" class=\"notes\" style=\"border-color:#7a7122 !important\"><span itemprop=\"name\"><\/span><\/td><\/tr><tr id=\"c0c3I102586278799\" itemprop=\"children\" itemscope itemtype=\"https:\/\/schema.org\/Person\"><td class=\"gender\" style=\"color:black;background-image:none;background-color:#efeeed !important;border-color:#7a7122 !important\" itemprop=\"gender\">F<\/td><td class=\"child\" colspan=\"3\" style=\"color:black;background-image:none;background-color:#efeeed !important;border-color:#7a7122 !important\"><a href=\"https:\/\/www.giaphahonguyen.com\/en_us?page_id=161\" itemprop=\"name\">Ph\u01b0\u1edbc  T\u00f4  Th\u1ecb<\/a><span itemprop=\"birth\" itemscope itemtype=\"https:\/\/schema.org\/Event\" itemref=\"c0c3I102586278799_bdate c0c3I102586278799_bloc\"><\/span><span itemprop=\"death\" itemscope itemtype=\"https:\/\/schema.org\/Event\" itemref=\"c0c3I102586278799_ddate c0c3I102586278799_dloc\"><\/span><span itemprop=\"marriages\" itemscope itemtype=\"https:\/\/schema.org\/Event\" itemref=\"c0c3I102586278799_mdate c0c3I102586278799_mloc\"><\/span><\/td><\/tr><tr id=\"c0c3I102586278799_birth\"><td class=\"inset\" rowspan=\"2\" style=\"color:black;background-image:none;background-color:#efeeed !important;border-color:#7a7122 !important\"\/><td class=\"label\" style=\"border-color:#7a7122 !important\">Birth<\/td><td id=\"c0c3I102586278799_bdate\" itemprop=\"startDate\" class=\"rp_date\" style=\"border-color:#7a7122 !important\"><\/td><td id=\"c0c3I102586278799_bloc\" itemprop=\"location\" itemscope itemtype=\"http:\/\/schema.org\/Place\" class=\"notes\" style=\"border-color:#7a7122 !important\"><span itemprop=\"name\">Binh Dinh, Vietnam<\/span><\/td><\/tr><tr id=\"c0c3I102586278799_death\"><td class=\"label\" style=\"border-color:#7a7122 !important\">Death<\/td><td id=\"c0c3I102586278799_ddate\" itemprop=\"startDate\" class=\"rp_date\" style=\"border-color:#7a7122 !important\"><\/td><td id=\"c0c3I102586278799_dloc\" itemprop=\"location\" itemscope itemtype=\"http:\/\/schema.org\/Place\" class=\"notes\" style=\"border-color:#7a7122 !important\"><span itemprop=\"name\"><\/span><\/td><\/tr><tr id=\"c0c4I102586278817\" itemprop=\"children\" itemscope itemtype=\"https:\/\/schema.org\/Person\"><td class=\"gender\" style=\"color:black;background-image:none;background-color:#efeeed !important;border-color:#7a7122 !important\" itemprop=\"gender\">M<\/td><td class=\"child\" colspan=\"3\" style=\"color:black;background-image:none;background-color:#efeeed !important;border-color:#7a7122 !important\"><a href=\"https:\/\/www.giaphahonguyen.com\/en_us?page_id=164\" itemprop=\"name\">V\u00e2n  T\u00f4  Th\u1ecb<\/a><span itemprop=\"birth\" itemscope itemtype=\"https:\/\/schema.org\/Event\" itemref=\"c0c4I102586278817_bdate c0c4I102586278817_bloc\"><\/span><span itemprop=\"death\" itemscope itemtype=\"https:\/\/schema.org\/Event\" itemref=\"c0c4I102586278817_ddate c0c4I102586278817_dloc\"><\/span><span itemprop=\"marriages\" itemscope itemtype=\"https:\/\/schema.org\/Event\" itemref=\"c0c4I102586278817_mdate c0c4I102586278817_mloc\"><\/span><\/td><\/tr><tr id=\"c0c4I102586278817_birth\"><td class=\"inset\" rowspan=\"2\" style=\"color:black;background-image:none;background-color:#efeeed !important;border-color:#7a7122 !important\"\/><td class=\"label\" style=\"border-color:#7a7122 !important\">Birth<\/td><td id=\"c0c4I102586278817_bdate\" itemprop=\"startDate\" class=\"rp_date\" style=\"border-color:#7a7122 !important\"><\/td><td id=\"c0c4I102586278817_bloc\" itemprop=\"location\" itemscope itemtype=\"http:\/\/schema.org\/Place\" class=\"notes\" style=\"border-color:#7a7122 !important\"><span itemprop=\"name\">Binh Dinh, Vietnam<\/span><\/td><\/tr><tr id=\"c0c4I102586278817_death\"><td class=\"label\" style=\"border-color:#7a7122 !important\">Death<\/td><td id=\"c0c4I102586278817_ddate\" itemprop=\"startDate\" class=\"rp_date\" style=\"border-color:#7a7122 !important\"><\/td><td id=\"c0c4I102586278817_dloc\" itemprop=\"location\" itemscope itemtype=\"http:\/\/schema.org\/Place\" class=\"notes\" style=\"border-color:#7a7122 !important\"><span itemprop=\"name\"><\/span><\/td><\/tr><tr id=\"c0c5I102586278828\" itemprop=\"children\" itemscope itemtype=\"https:\/\/schema.org\/Person\"><td class=\"gender\" style=\"color:black;background-image:none;background-color:#efeeed !important;border-color:#7a7122 !important\" itemprop=\"gender\">M<\/td><td class=\"child\" colspan=\"3\" style=\"color:black;background-image:none;background-color:#efeeed !important;border-color:#7a7122 !important\"><a href=\"https:\/\/www.giaphahonguyen.com\/en_us?page_id=162\" itemprop=\"name\">T\u00e2n  T\u00f4  V\u0103n<\/a><span itemprop=\"birth\" itemscope itemtype=\"https:\/\/schema.org\/Event\" itemref=\"c0c5I102586278828_bdate c0c5I102586278828_bloc\"><\/span><span itemprop=\"death\" itemscope itemtype=\"https:\/\/schema.org\/Event\" itemref=\"c0c5I102586278828_ddate c0c5I102586278828_dloc\"><\/span><span itemprop=\"marriages\" itemscope itemtype=\"https:\/\/schema.org\/Event\" itemref=\"c0c5I102586278828_mdate c0c5I102586278828_mloc\"><\/span><\/td><\/tr><tr id=\"c0c5I102586278828_birth\"><td class=\"inset\" rowspan=\"2\" style=\"color:black;background-image:none;background-color:#efeeed !important;border-color:#7a7122 !important\"\/><td class=\"label\" style=\"border-color:#7a7122 !important\">Birth<\/td><td id=\"c0c5I102586278828_bdate\" itemprop=\"startDate\" class=\"rp_date\" style=\"border-color:#7a7122 !important\"><\/td><td id=\"c0c5I102586278828_bloc\" itemprop=\"location\" itemscope itemtype=\"http:\/\/schema.org\/Place\" class=\"notes\" style=\"border-color:#7a7122 !important\"><span itemprop=\"name\">Binh Dinh, Vietnam<\/span><\/td><\/tr><tr id=\"c0c5I102586278828_death\"><td class=\"label\" style=\"border-color:#7a7122 !important\">Death<\/td><td id=\"c0c5I102586278828_ddate\" itemprop=\"startDate\" class=\"rp_date\" style=\"border-color:#7a7122 !important\"><\/td><td id=\"c0c5I102586278828_dloc\" itemprop=\"location\" itemscope itemtype=\"http:\/\/schema.org\/Place\" class=\"notes\" style=\"border-color:#7a7122 !important\"><span itemprop=\"name\"><\/span><\/td><\/tr><\/tbody><\/table><\/div><\/section><div class=\"rp_banner\" style=\"color:#7a7122;background-image:none;background-color:#e5e4e3;\" ><\/div>\n","protected":false},"excerpt":{"rendered":"","protected":false},"author":0,"featured_media":0,"parent":8,"menu_order":0,"comment_status":"closed","ping_status":"open","template":"","meta":{"_uag_custom_page_level_css":"","footnotes":""},"class_list":["post-452","page","type-page","status-publish","hentry"],"uagb_featured_image_src":{"full":false,"thumbnail":false,"medium":false,"medium_large":false,"large":false,"1536x1536":false,"2048x2048":false,"trp-custom-language-flag":false,"twentyseventeen-featured-image":false,"twentyseventeen-thumbnail-avatar":false},"uagb_author_info":{"display_name":"","author_link":"https:\/\/www.giaphahonguyen.com\/en_us\/author\/"},"uagb_comment_info":0,"uagb_excerpt":null,"_links":{"self":[{"href":"https:\/\/www.giaphahonguyen.com\/en_us\/wp-json\/wp\/v2\/pages\/452","targetHints":{"allow":["GET"]}}],"collection":[{"href":"https:\/\/www.giaphahonguyen.com\/en_us\/wp-json\/wp\/v2\/pages"}],"about":[{"href":"https:\/\/www.giaphahonguyen.com\/en_us\/wp-json\/wp\/v2\/types\/page"}],"replies":[{"embeddable":true,"href":"https:\/\/www.giaphahonguyen.com\/en_us\/wp-json\/wp\/v2\/comments?post=452"}],"version-history":[{"count":0,"href":"https:\/\/www.giaphahonguyen.com\/en_us\/wp-json\/wp\/v2\/pages\/452\/revisions"}],"up":[{"embeddable":true,"href":"https:\/\/www.giaphahonguyen.com\/en_us\/wp-json\/wp\/v2\/pages\/8"}],"wp:attachment":[{"href":"https:\/\/www.giaphahonguyen.com\/en_us\/wp-json\/wp\/v2\/media?parent=452"}],"curies":[{"name":"wp","href":"https:\/\/api.w.org\/{rel}","templated":true}]}}